{"id":47537,"date":"2026-02-03T18:00:21","date_gmt":"2026-02-03T18:00:21","guid":{"rendered":"https:\/\/picartpetcare.com\/avis-legal\/"},"modified":"2026-04-13T07:20:13","modified_gmt":"2026-04-13T07:20:13","slug":"avis-legal","status":"publish","type":"page","link":"https:\/\/picartpetcare.com\/ca\/avis-legal\/","title":{"rendered":"Av\u00eds legal"},"content":{"rendered":"\t\t<div data-elementor-type=\"wp-page\" data-elementor-id=\"47537\" class=\"elementor elementor-47537 elementor-45026\" data-elementor-post-type=\"page\">\n\t\t\t\t<div class=\"elementor-element elementor-element-e7e168a e-con-full e-flex e-con e-parent\" data-id=\"e7e168a\" data-element_type=\"container\" data-e-type=\"container\" data-settings=\"{&quot;background_background&quot;:&quot;classic&quot;,&quot;shape_divider_bottom&quot;:&quot;waves&quot;}\">\n\t\t\t\t<div class=\"elementor-shape elementor-shape-bottom\" aria-hidden=\"true\" data-negative=\"false\">\n\t\t\t<svg xmlns=\"http:\/\/www.w3.org\/2000\/svg\" viewBox=\"0 0 1000 100\" preserveAspectRatio=\"none\">\n\t<path class=\"elementor-shape-fill\" d=\"M421.9,6.5c22.6-2.5,51.5,0.4,75.5,5.3c23.6,4.9,70.9,23.5,100.5,35.7c75.8,32.2,133.7,44.5,192.6,49.7\n\tc23.6,2.1,48.7,3.5,103.4-2.5c54.7-6,106.2-25.6,106.2-25.6V0H0v30.3c0,0,72,32.6,158.4,30.5c39.2-0.7,92.8-6.7,134-22.4\n\tc21.2-8.1,52.2-18.2,79.7-24.2C399.3,7.9,411.6,7.5,421.9,6.5z\"\/>\n<\/svg>\t\t<\/div>\n\t\t<div class=\"elementor-element elementor-element-854f381 e-con-full e-flex e-con e-child\" data-id=\"854f381\" data-element_type=\"container\" data-e-type=\"container\">\n\t\t\t\t<div class=\"elementor-element elementor-element-067466d animated-slow elementor-invisible elementor-widget elementor-widget-heading\" data-id=\"067466d\" data-element_type=\"widget\" data-e-type=\"widget\" data-settings=\"{&quot;_animation&quot;:&quot;fadeIn&quot;}\" data-widget_type=\"heading.default\">\n\t\t\t\t<div class=\"elementor-widget-container\">\n\t\t\t\t\t<h2 class=\"elementor-heading-title elementor-size-default\">Av\u00eds legal<\/h2>\t\t\t\t<\/div>\n\t\t\t\t<\/div>\n\t\t\t\t<\/div>\n\t\t\t\t<\/div>\n\t\t<div class=\"elementor-element elementor-element-e487e76 e-flex e-con-boxed e-con e-parent\" data-id=\"e487e76\" data-element_type=\"container\" data-e-type=\"container\">\n\t\t\t\t\t<div class=\"e-con-inner\">\n\t\t\t\t<div class=\"elementor-element elementor-element-b41300b elementor-widget elementor-widget-text-editor\" data-id=\"b41300b\" data-element_type=\"widget\" data-e-type=\"widget\" data-widget_type=\"text-editor.default\">\n\t\t\t\t<div class=\"elementor-widget-container\">\n\t\t\t\t\t\t\t\t\t<p>PIENSOS PICART, S.A., amb el CIF A-08720245, actua com a titular, dinamitzador i gestor de continguts d&#8217;aquest web. L&#8217;entitat informa els Usuaris que compleix amb la normativa vigent de protecci\u00f3 de dades, i amb car\u00e0cter especial, amb el Reglament (UE) 2016\/679 del Parlament Europeu i del Consell del 27 d&#8217;abril del 2016 relatiu a la protecci\u00f3 de les persones f\u00edsiques pel que fa al tractament de dades personals i a la lliure circulaci\u00f3 d&#8217;aquestes dades i pel qual es deroga la Directiva 95\/46\/CE (Reglament general de protecci\u00f3 de dades), i amb la Llei de la Societat de Serveis de la Informaci\u00f3 i Comer\u00e7 Electr\u00f2nic, Llei 34\/2002, de l&#8217;11 de juliol.<\/p>\t\t\t\t\t\t\t\t<\/div>\n\t\t\t\t<\/div>\n\t\t\t\t<div class=\"elementor-element elementor-element-52de516 elementor-widget elementor-widget-html\" data-id=\"52de516\" data-element_type=\"widget\" data-e-type=\"widget\" data-widget_type=\"html.default\">\n\t\t\t\t<div class=\"elementor-widget-container\">\n\t\t\t\t\t<table class=\"empresa-tabla\">\n  <tr class=\"empresa-head\">\n    <th>Ra\u00f3 Social o Nom de l'Empresa<\/th>\n<th>CIF<\/th>\n  <\/tr>\n\n  <tr>\n    <td>PIENSOS PICART, S.A.<\/td>\n<td>A-08720245<\/td>\n  <\/tr>\n\n  <tr class=\"empresa-head\">\n    <th colspan=\"2\">Direcci\u00f3:<\/th>\n  <\/tr>\n\n  <tr>\n    <td colspan=\"2\">\n Pol\u00edgon Industrial Can Prat; C\/Vallgorguina, 3 \u2013 08450, Llinars del Vall\u00e8s (Barcelona)\n    <\/td>\n  <\/tr>\n\n  <tr class=\"empresa-head\">\n    <th>Poblaci\u00f3:<\/th>\n<th>Codi Postal:<\/th>\n  <\/tr>\n\n  <tr>\n    <td>Llinars del Vall\u00e8s<\/td>\n<td>08450<\/td>\n  <\/tr>\n  \n\n  <\/tr>\n<\/table>\n\t\t\t\t<\/div>\n\t\t\t\t<\/div>\n\t\t\t\t<div class=\"elementor-element elementor-element-5d3c6d3 elementor-widget elementor-widget-heading\" data-id=\"5d3c6d3\" data-element_type=\"widget\" data-e-type=\"widget\" data-widget_type=\"heading.default\">\n\t\t\t\t<div class=\"elementor-widget-container\">\n\t\t\t\t\t<h6 class=\"elementor-heading-title elementor-size-default\">Concepte d'usuari<\/h6>\t\t\t\t<\/div>\n\t\t\t\t<\/div>\n\t\t\t\t<div class=\"elementor-element elementor-element-2b88be1 elementor-widget elementor-widget-text-editor\" data-id=\"2b88be1\" data-element_type=\"widget\" data-e-type=\"widget\" data-widget_type=\"text-editor.default\">\n\t\t\t\t<div class=\"elementor-widget-container\">\n\t\t\t\t\t\t\t\t\t<p>La utilitzaci\u00f3 del web (inclosa la seva \u00e0rea privada) atribueix la condici\u00f3 d&#8217;Usuari, i implica l&#8217;acceptaci\u00f3 plena i sense reserves de cadascuna de les disposicions incloses en aquest Av\u00eds Legal i en les Pol\u00edtiques de Privacitat en la versi\u00f3 publicada per PIENSOS PICART, S.A. en el mateix moment en qu\u00e8 l&#8217;Usuari accedeixi al web. En conseq\u00fc\u00e8ncia, l&#8217;Usuari ha de llegir atentament el present Av\u00eds Legal i les Pol\u00edtiques de Privacitat en cadascuna de les ocasions en qu\u00e8 es proposi utilitzar el web, at\u00e8s que pot tenir modificacions.<br> <\/p>\t\t\t\t\t\t\t\t<\/div>\n\t\t\t\t<\/div>\n\t\t\t\t<div class=\"elementor-element elementor-element-6d5d329 elementor-widget elementor-widget-heading\" data-id=\"6d5d329\" data-element_type=\"widget\" data-e-type=\"widget\" data-widget_type=\"heading.default\">\n\t\t\t\t<div class=\"elementor-widget-container\">\n\t\t\t\t\t<h6 class=\"elementor-heading-title elementor-size-default\">Informaci\u00f3 sobre els links<\/h6>\t\t\t\t<\/div>\n\t\t\t\t<\/div>\n\t\t\t\t<div class=\"elementor-element elementor-element-611a404 elementor-widget elementor-widget-text-editor\" data-id=\"611a404\" data-element_type=\"widget\" data-e-type=\"widget\" data-widget_type=\"text-editor.default\">\n\t\t\t\t<div class=\"elementor-widget-container\">\n\t\t\t\t\t\t\t\t\t<p>PIENSOS PICART, S.A. no es fa responsable dels webs no propis als quals es pot accedir mitjan\u00e7ant vincles (links) o de qualsevol contingut posat a disposici\u00f3 per tercers.<\/p><p>Qualsevol \u00fas d&#8217;un vincle o acc\u00e9s a un web no propi \u00e9s realitzat per voluntat i risc exclusiu de l&#8217;usuari, i PIENSOS PICART, S.A. no recomana ni garanteix cap informaci\u00f3 obtinguda a trav\u00e9s d&#8217;un vincle ali\u00e8 al web de PIENSOS PICART, S.A., ni es responsabilitza de cap p\u00e8rdua, reclamaci\u00f3 o perjudici derivat de l&#8217;\u00fas o mal \u00fas d&#8217;un vincle, o de la informaci\u00f3 obtinguda a trav\u00e9s d&#8217;ell, incloent-hi altres vincles o webs, de la interrupci\u00f3 en el servei o en l&#8217;acc\u00e9s, o de l&#8217;intent de fer servir o fer servir malament un vincle, tant en connectar-se al web de PIENSOS PICART, S.A. com en accedir a la informaci\u00f3 d&#8217;altres webs des del web de PIENSOS PICART, S.A.<\/p>\t\t\t\t\t\t\t\t<\/div>\n\t\t\t\t<\/div>\n\t\t\t\t<div class=\"elementor-element elementor-element-3662a51 elementor-widget elementor-widget-heading\" data-id=\"3662a51\" data-element_type=\"widget\" data-e-type=\"widget\" data-widget_type=\"heading.default\">\n\t\t\t\t<div class=\"elementor-widget-container\">\n\t\t\t\t\t<h6 class=\"elementor-heading-title elementor-size-default\">Vincles o enlla\u00e7os des d'altres webs externs<\/h6>\t\t\t\t<\/div>\n\t\t\t\t<\/div>\n\t\t\t\t<div class=\"elementor-element elementor-element-86811e9 elementor-widget elementor-widget-text-editor\" data-id=\"86811e9\" data-element_type=\"widget\" data-e-type=\"widget\" data-widget_type=\"text-editor.default\">\n\t\t\t\t<div class=\"elementor-widget-container\">\n\t\t\t\t\t\t\t\t\t<p>Es prohibeix expressament establir vincles des de p\u00e0gines que continguin manifestacions o propaganda de car\u00e0cter racista, xen\u00f2fob, pornogr\u00e0fic, d&#8217;apologia del terrorisme, en contra dels Drets Humans o qualsevol altre de car\u00e0cter il\u00b7l\u00edcit o contrari a la moral i a l&#8217;ordre p\u00fablic. En cap cas es podr\u00e0 donar a entendre ni declarar que PIENSOS PICART, S.A. interv\u00e9, avala, promou, participa o ha supervisat de cap manera els continguts de la p\u00e0gina on figuri l&#8217;enlla\u00e7, ni tan sols que consenteixi la seva inclusi\u00f3, excepte autoritzaci\u00f3 expressa.<br><br> <\/p>\t\t\t\t\t\t\t\t<\/div>\n\t\t\t\t<\/div>\n\t\t\t\t<div class=\"elementor-element elementor-element-9dc9f2a elementor-widget elementor-widget-heading\" data-id=\"9dc9f2a\" data-element_type=\"widget\" data-e-type=\"widget\" data-widget_type=\"heading.default\">\n\t\t\t\t<div class=\"elementor-widget-container\">\n\t\t\t\t\t<h6 class=\"elementor-heading-title elementor-size-default\">Pol\u00edtica de privacitat<\/h6>\t\t\t\t<\/div>\n\t\t\t\t<\/div>\n\t\t\t\t<div class=\"elementor-element elementor-element-72e7ca3 elementor-widget elementor-widget-text-editor\" data-id=\"72e7ca3\" data-element_type=\"widget\" data-e-type=\"widget\" data-widget_type=\"text-editor.default\">\n\t\t\t\t<div class=\"elementor-widget-container\">\n\t\t\t\t\t\t\t\t\t<p>PIENSOS PICART, S.A., amb el CIF A-08720245, actua com a titular, dinamitzador i gestor de continguts del present web. L&#8217;entitat informa els Usuaris que compleix amb la normativa vigent de protecci\u00f3 de dades, i amb car\u00e0cter especial, amb el Reglament (UE) 2016\/679 del Parlament Europeu i del Consell del 27 d&#8217;abril del 2016 relatiu a la protecci\u00f3 de les persones f\u00edsiques pel que fa al tractament de dades personals i a la lliure circulaci\u00f3 d&#8217;aquestes dades i pel qual es deroga la Directiva 95\/46\/CE (Reglament general de protecci\u00f3 de dades), i amb la Llei de la Societat de Serveis de la Informaci\u00f3 i Comer\u00e7 Electr\u00f2nic, Llei 34\/2002, de l&#8217;11 de juliol.<\/p><p>En virtut d&#8217;aquesta normativa s&#8217;informa que les dades facilitades per l&#8217;Usuari a trav\u00e9s dels formularis del web (inclosa l&#8217;\u00c0rea Privada), seran incorporades i tractades en un tractament degudament registrat al RGAEPD del qual \u00e9s responsable PIENSOS PICART, S.A., amb la finalitat d&#8217;atendre la relaci\u00f3 establerta entre les parts i emparada per la normativa, especialment en mat\u00e8ria de Prevenci\u00f3 de Riscos Laborals i la resta de legislaci\u00f3 connexa. Les dades s\u00f3n confidencials i el seu \u00fas respon a les finalitats legalment establertes en cada moment determinat. Si ho desitja, pot accedir, rectificar, cancel\u00b7lar i oposar-se al tractament d&#8217;aquestes dades mitjan\u00e7ant un escrit adre\u00e7at a Pol\u00edgon Industrial Can Prat; C\/Vallgorguina, 3 \u2013 08450, Llinars del Vall\u00e8s (Barcelona), 08450 Llinars del Vall\u00e8s, Barcelona. Per obtenir m\u00e9s informaci\u00f3 sobre la nostra Pol\u00edtica de Privacitat, si us plau adreci&#8217;s al seg\u00fcent enlla\u00e7: <strong>Pol\u00edtica de Privacitat<\/strong>.   <\/p>\t\t\t\t\t\t\t\t<\/div>\n\t\t\t\t<\/div>\n\t\t\t\t<div class=\"elementor-element elementor-element-631b609 elementor-widget elementor-widget-heading\" data-id=\"631b609\" data-element_type=\"widget\" data-e-type=\"widget\" data-widget_type=\"heading.default\">\n\t\t\t\t<div class=\"elementor-widget-container\">\n\t\t\t\t\t<h6 class=\"elementor-heading-title elementor-size-default\">Informaci\u00f3 sobre la utilizaci\u00f3 de cookies<\/h6>\t\t\t\t<\/div>\n\t\t\t\t<\/div>\n\t\t\t\t<div class=\"elementor-element elementor-element-6363bb7 elementor-widget elementor-widget-text-editor\" data-id=\"6363bb7\" data-element_type=\"widget\" data-e-type=\"widget\" data-widget_type=\"text-editor.default\">\n\t\t\t\t<div class=\"elementor-widget-container\">\n\t\t\t\t\t\t\t\t\t<p>En aquest web es poden utilitzar cookies. La finalitat d&#8217;aquestes cookies \u00e9s millorar el servei que ofereix als seus clients i als nostres visitants. Si vol saber m\u00e9s sobre l&#8217;\u00fas de les cookies per part de PIENSOS PICART, S.A., adreci&#8217;s a la nostra <strong>Pol\u00edtica de cookies<\/strong>.  <\/p>\t\t\t\t\t\t\t\t<\/div>\n\t\t\t\t<\/div>\n\t\t\t\t<div class=\"elementor-element elementor-element-e81c97e elementor-widget elementor-widget-heading\" data-id=\"e81c97e\" data-element_type=\"widget\" data-e-type=\"widget\" data-widget_type=\"heading.default\">\n\t\t\t\t<div class=\"elementor-widget-container\">\n\t\t\t\t\t<h6 class=\"elementor-heading-title elementor-size-default\">Ren\u00fancia i limitaci\u00f3 de la responsabilitat<\/h6>\t\t\t\t<\/div>\n\t\t\t\t<\/div>\n\t\t\t\t<div class=\"elementor-element elementor-element-f774074 elementor-widget elementor-widget-text-editor\" data-id=\"f774074\" data-element_type=\"widget\" data-e-type=\"widget\" data-widget_type=\"text-editor.default\">\n\t\t\t\t<div class=\"elementor-widget-container\">\n\t\t\t\t\t\t\t\t\t<p>PIENSOS PICART, S.A. informa que en tot moment implementa les mesures de seguretat oportunes amb la finalitat de presentar als usuaris del web informacions i serveis adequats, certs i actualitzats; no obstant aix\u00f2, es reserva el dret de rectificaci\u00f3 sobre aquells aspectes que, eventualment i de forma fortu\u00efta, puguin patir incorreccions, desactualitzacions o errors.<\/p><p>PIENSOS PICART, S.A. ha obtingut la informaci\u00f3 i els materials inclosos al web de fonts considerades fiables, per\u00f2 tot i que s&#8217;han pres les mesures corresponents per assegurar que la informaci\u00f3 continguda sigui correcta, no garanteix que sigui exacta o actualitzada.<\/p><p>Tamb\u00e9 s&#8217;adverteix que els continguts d&#8217;aquest web tenen dues finalitats: una finalitat informativa pel que fa a la qualitat, situaci\u00f3, serveis i tarifes, i una altra de venda de serveis, segons el que preveu el present av\u00eds legal i la resta de textos legals del web.<\/p>\t\t\t\t\t\t\t\t<\/div>\n\t\t\t\t<\/div>\n\t\t\t\t<div class=\"elementor-element elementor-element-9409f34 elementor-widget elementor-widget-heading\" data-id=\"9409f34\" data-element_type=\"widget\" data-e-type=\"widget\" data-widget_type=\"heading.default\">\n\t\t\t\t<div class=\"elementor-widget-container\">\n\t\t\t\t\t<h6 class=\"elementor-heading-title elementor-size-default\">Indicacions sobre aspectes t\u00e8cnics<\/h6>\t\t\t\t<\/div>\n\t\t\t\t<\/div>\n\t\t\t\t<div class=\"elementor-element elementor-element-4fd0cc7 elementor-widget elementor-widget-text-editor\" data-id=\"4fd0cc7\" data-element_type=\"widget\" data-e-type=\"widget\" data-widget_type=\"text-editor.default\">\n\t\t\t\t<div class=\"elementor-widget-container\">\n\t\t\t\t\t\t\t\t\t<p>PIENSOS PICART, S.A. declina qualsevol responsabilitat en cas que hi hagi interrupcions o un mal funcionament dels serveis o continguts oferts a Internet, sigui quina sigui la seva causa. Aix\u00ed mateix, PIENSOS PICART, S.A. no es fa responsable de caigudes de la xarxa, p\u00e8rdues d&#8217;informaci\u00f3 com a conseq\u00fc\u00e8ncia d&#8217;aquestes caigudes, suspensions temporals del fluid el\u00e8ctric o qualsevol altre tipus de dany indirecte que pugui ser causat als Usuaris per causes alienes a PIENSOS PICART, S.A. <\/p><p>PIENSOS PICART, S.A. no declara ni garanteix que els serveis o continguts siguin ininterromputs o que estiguin lliures d&#8217;errors, que els defectes siguin corregits, o que el servei o el servidor que els posa a disposici\u00f3 estiguin lliures de virus o altres components nocius, sense perjudici que PIENSOS PICART, S.A. s&#8217;esfor\u00e7a al m\u00e0xim per evitar aquest tipus d&#8217;incidents. En cas que l&#8217;Usuari prengu\u00e9s determinades decisions o realitz\u00e9s accions basant-se en la informaci\u00f3 inclosa en qualsevol dels websites, es recomana la comprovaci\u00f3 de la informaci\u00f3 rebuda amb altres fonts. <\/p>\t\t\t\t\t\t\t\t<\/div>\n\t\t\t\t<\/div>\n\t\t\t\t<div class=\"elementor-element elementor-element-57efaeb elementor-widget elementor-widget-heading\" data-id=\"57efaeb\" data-element_type=\"widget\" data-e-type=\"widget\" data-widget_type=\"heading.default\">\n\t\t\t\t<div class=\"elementor-widget-container\">\n\t\t\t\t\t<h6 class=\"elementor-heading-title elementor-size-default\">Propietat industrial i intel\u00b7lectual<\/h6>\t\t\t\t<\/div>\n\t\t\t\t<\/div>\n\t\t\t\t<div class=\"elementor-element elementor-element-ab7a837 elementor-widget elementor-widget-text-editor\" data-id=\"ab7a837\" data-element_type=\"widget\" data-e-type=\"widget\" data-widget_type=\"text-editor.default\">\n\t\t\t\t<div class=\"elementor-widget-container\">\n\t\t\t\t\t\t\t\t\t<p>Els continguts prestats per PIENSOS PICART, S.A., aix\u00ed com els continguts publicats a la xarxa a trav\u00e9s de les seves p\u00e0gines web, constitueixen una obra en el sentit de la legislaci\u00f3 sobre propietat intel\u00b7lectual, per la qual cosa es troben protegits per les lleis i convenis internacionals aplicables en la mat\u00e8ria.<\/p><p>Queda prohibida qualsevol forma de reproducci\u00f3, distribuci\u00f3, comunicaci\u00f3 p\u00fablica, transformaci\u00f3, divulgaci\u00f3 i, en general, qualsevol altre acte d&#8217;explotaci\u00f3 p\u00fablica referit tant a les p\u00e0gines web com als seus continguts i informaci\u00f3, sense el consentiment expr\u00e9s, previ i per escrit de PIENSOS PICART, S.A.<\/p><p>En conseq\u00fc\u00e8ncia, tots els continguts que es mostren en els diferents websites i, en especial, dissenys, textos, gr\u00e0fics, logotips, icones, botons, programari, noms comercials, marques, dibuixos industrials o qualssevol dels altres signes susceptibles d&#8217;utilitzaci\u00f3 industrial i comercial estan subjectes a drets de propietat intel\u00b7lectual i industrial de PIENSOS PICART, S.A. o de tercers titulars dels mateixos que n&#8217;han autoritzat degudament la inclusi\u00f3 en els diferents websites.<\/p><p>Els continguts, imatges, formes, opinions, \u00edndexs i altres expressions formals que formin part de les p\u00e0gines web, aix\u00ed com el software necessari per al seu funcionament i visualitzaci\u00f3, constitueixen igualment una obra en el sentit del Dret d&#8217;Autor i queden, per tant, protegides per les convencions internacionals i legislacions nacionals en mat\u00e8ria de Propietat Intel\u00b7lectual que resultin aplicables. L&#8217;incompliment d&#8217;aix\u00f2 implica la comissi\u00f3 de greus actes il\u00b7l\u00edcits i la seva sanci\u00f3 per la legislaci\u00f3 civil i penal. <\/p><p>Queda prohibit tot acte en virtut del qual els Usuaris dels serveis o continguts puguin explotar o servir-se comercialment, directament o indirectament, en la seva totalitat o parcialment, de qualsevol dels continguts, imatges, formes, \u00edndexs i altres expressions formals que formin part de les p\u00e0gines web sense perm\u00eds previ i per escrit de PIENSOS PICART, S.A.<\/p><p>En concret, i sense car\u00e0cter exhaustiu, queden prohibits els actes de reproducci\u00f3, distribuci\u00f3, exhibici\u00f3, transmissi\u00f3, retransmissi\u00f3, emissi\u00f3 en qualsevol forma, emmagatzematge en suports f\u00edsics o l\u00f2gics (per exemple, disquets o disc dur d&#8217;ordinadors), digitalitzaci\u00f3 o posada a disposici\u00f3 des de bases de dades diferents de les pertanyents a les autoritzades per PIENSOS PICART, S.A., aix\u00ed com la seva traducci\u00f3, adaptaci\u00f3, arranjament o qualsevol altra transformaci\u00f3 d&#8217;aquestes opinions, imatges, formes, \u00edndexs i altres expressions formals que es posin a disposici\u00f3 dels Usuaris a trav\u00e9s dels serveis o continguts, en tant que aquests actes estiguin sotmesos a la legislaci\u00f3 aplicable en mat\u00e8ria de Propietat Intel\u00b7lectual, industrial o de protecci\u00f3 de la imatge.<\/p><p>PIENSOS PICART, S.A. \u00e9s lliure de limitar l&#8217;acc\u00e9s a les p\u00e0gines web, i als productes i\/o serveis que s&#8217;hi ofereixen, aix\u00ed com la conseg\u00fcent publicaci\u00f3 de les opinions, observacions, imatges o comentaris que els Usuaris puguin fer-li arribar a trav\u00e9s del correu electr\u00f2nic.<\/p><p>PIENSOS PICART, S.A., en aquest sentit, podr\u00e0 establir, si ho considera oport\u00fa, sense perjudici de l&#8217;\u00fanica i exclusiva responsabilitat dels Usuaris, els filtres necessaris a fi d&#8217;evitar que a trav\u00e9s de les seves p\u00e0gines web puguin abocar-se a la xarxa continguts o opinions considerats com a racistes, xen\u00f2fobs, discriminatoris, pornogr\u00e0fics, difamatoris o que, de qualsevol manera, fomentin la viol\u00e8ncia o la disseminaci\u00f3 de continguts clarament il\u00b7l\u00edcits o nocius.<\/p><p>Els Usuaris que envi\u00efn a les p\u00e0gines web de PIENSOS PICART, S.A. o al seu departament de suggeriments, observacions, opinions o comentaris per mitj\u00e0 del servei de correu electr\u00f2nic, llevat que expressin de manera certa i inconfusible el contrari, en els casos en qu\u00e8 per la naturalesa dels serveis o continguts aix\u00f2 sigui possible, s&#8217;ent\u00e9n que autoritzen PIENSOS PICART, S.A. per a la reproducci\u00f3, distribuci\u00f3, exhibici\u00f3, transmissi\u00f3, retransmissi\u00f3, emissi\u00f3 en qualsevol format, emmagatzematge en suports f\u00edsics o l\u00f2gics (per exemple, disquets o disc dur d&#8217;ordinadors), digitalitzaci\u00f3, posada a disposici\u00f3 des de bases de dades pertanyents a PIENSOS PICART, S.A., traducci\u00f3, adaptaci\u00f3, arranjament o qualsevol altra transformaci\u00f3 d&#8217;aquestes observacions, opinions o comentaris, per tot el temps de protecci\u00f3 del dret d&#8217;autor que estigui previst legalment.<\/p><p>Aix\u00ed mateix, s&#8217;ent\u00e9n que aquesta autoritzaci\u00f3 es fa a t\u00edtol gratu\u00eft, i que pel simple fet d&#8217;enviar per correu electr\u00f2nic aquestes observacions, opinions o comentaris, els Usuaris declinen qualsevol pretensi\u00f3 remunerat\u00f2ria per part de PIENSOS PICART, S.A.<\/p><p>D&#8217;acord amb el que s&#8217;assenyala en el par\u00e0graf anterior, PIENSOS PICART, S.A. queda autoritzada igualment per procedir a la modificaci\u00f3 o alteraci\u00f3 d&#8217;aquestes observacions, opinions o comentaris, per tal d&#8217;adaptar-los a les necessitats de format editorial de les p\u00e0gines web, sense que per aix\u00f2 pugui entendre&#8217;s que existeix en absolut cap tipus de lesi\u00f3 de qualsevol de les facultats morals de dret d&#8217;autor que els Usuaris poguessin ostentar sobre aquests.<\/p><p>Queden prohibits qualssevol dels recursos t\u00e8cnics, l\u00f2gics o tecnol\u00f2gics en virtut dels quals un tercer pugui beneficiar-se, directament o indirectament, amb o sense lucre, de cadascun dels continguts, formes, \u00edndexs i altres expressions formals que formin part de les p\u00e0gines web, o de l&#8217;esfor\u00e7 dut a terme per PIENSOS PICART, S.A. per al seu funcionament.<\/p><p>En concret, queda prohibit tot enlla\u00e7, frame o vincle similar que pugui establir-se en direcci\u00f3 a les p\u00e0gines web de PIENSOS PICART, S.A. sense el consentiment previ, expr\u00e9s i per escrit del CLIENT. Qualsevol transgressi\u00f3 del que es disposa en aquest punt ser\u00e0 considerada com a lesi\u00f3 dels leg\u00edtims drets de Propietat Intel\u00b7lectual de PIENSOS PICART, S.A. sobre les p\u00e0gines web i tots els continguts d&#8217;aquestes.<\/p><p>PIENSOS PICART, S.A. no assumir\u00e0 cap responsabilitat davant les conseq\u00fc\u00e8ncies derivades de les conductes i actuacions abans esmentades, de la mateixa manera que no assumir\u00e0 cap responsabilitat pels continguts, serveis, productes, etc., de tercers als quals es pugui accedir directament o a trav\u00e9s de banners, enlla\u00e7os, links, hyperlinks, framing o vincles similars des dels websites de PIENSOS PICART, S.A.<\/p><p>Queden prohibits qualssevol dels recursos t\u00e8cnics, l\u00f2gics o tecnol\u00f2gics en virtut dels quals un tercer pugui beneficiar-se, directament o indirectament, amb o sense lucre, de cadascun dels continguts, formes, \u00edndexs i altres expressions formals que formin part de les p\u00e0gines web, o de l&#8217;esfor\u00e7 dut a terme per PIENSOS PICART, S.A. per al seu funcionament.<\/p><p>En concret, queda prohibit tot link, hyperlink, framing o vincle similar que pugui establir-se en direcci\u00f3 a les p\u00e0gines web de PIENSOS PICART, S.A. sense el consentiment previ, expr\u00e9s i per escrit de PIENSOS PICART, S.A. Qualsevol transgressi\u00f3 del que es disposa en aquest punt ser\u00e0 considerada com a lesi\u00f3 dels leg\u00edtims drets de Propietat Intel\u00b7lectual del CLIENT sobre les p\u00e0gines web i tots els continguts d&#8217;aquestes.<\/p><p>PIENSOS PICART, S.A. no assumir\u00e0 cap responsabilitat davant les conseq\u00fc\u00e8ncies derivades de les conductes i actuacions abans esmentades, de la mateixa manera que no assumir\u00e0 cap responsabilitat pels continguts, serveis, productes, etc., de tercers als quals es pugui accedir directament o a trav\u00e9s de banners, enlla\u00e7os, frames o vincles similars des dels websites de PIENSOS PICART, S.A.<\/p>\t\t\t\t\t\t\t\t<\/div>\n\t\t\t\t<\/div>\n\t\t\t\t\t<\/div>\n\t\t\t\t<\/div>\n\t\t\t\t<\/div>\n\t\t","protected":false},"excerpt":{"rendered":"<p>Av\u00eds legal PIENSOS PICART, S.A., amb el CIF A-08720245, actua com a titular, dinamitzador i gestor de continguts d&#8217;aquest web. L&#8217;entitat informa els Usuaris que compleix amb la normativa vigent de protecci\u00f3 de dades, i amb car\u00e0cter especial, amb el Reglament (UE) 2016\/679 del Parlament Europeu i del Consell del 27 d&#8217;abril del 2016 relatiu [&hellip;]<\/p>\n","protected":false},"author":7,"featured_media":0,"parent":0,"menu_order":0,"comment_status":"closed","ping_status":"closed","template":"","meta":{"footnotes":""},"class_list":["post-47537","page","type-page","status-publish","hentry"],"_links":{"self":[{"href":"https:\/\/picartpetcare.com\/ca\/wp-json\/wp\/v2\/pages\/47537","targetHints":{"allow":["GET"]}}],"collection":[{"href":"https:\/\/picartpetcare.com\/ca\/wp-json\/wp\/v2\/pages"}],"about":[{"href":"https:\/\/picartpetcare.com\/ca\/wp-json\/wp\/v2\/types\/page"}],"author":[{"embeddable":true,"href":"https:\/\/picartpetcare.com\/ca\/wp-json\/wp\/v2\/users\/7"}],"replies":[{"embeddable":true,"href":"https:\/\/picartpetcare.com\/ca\/wp-json\/wp\/v2\/comments?post=47537"}],"version-history":[{"count":2,"href":"https:\/\/picartpetcare.com\/ca\/wp-json\/wp\/v2\/pages\/47537\/revisions"}],"predecessor-version":[{"id":47636,"href":"https:\/\/picartpetcare.com\/ca\/wp-json\/wp\/v2\/pages\/47537\/revisions\/47636"}],"wp:attachment":[{"href":"https:\/\/picartpetcare.com\/ca\/wp-json\/wp\/v2\/media?parent=47537"}],"curies":[{"name":"wp","href":"https:\/\/api.w.org\/{rel}","templated":true}]}}