{"id":48334,"date":"2024-11-15T10:55:15","date_gmt":"2024-11-15T10:55:15","guid":{"rendered":"https:\/\/picartpetcare.com\/menjar-per-a-gats\/gamma-select-cat\/"},"modified":"2026-04-21T10:33:39","modified_gmt":"2026-04-21T10:33:39","slug":"gamma-select-cat","status":"publish","type":"page","link":"https:\/\/picartpetcare.com\/ca\/menjar-per-a-gats\/gamma-select-cat\/","title":{"rendered":"Gamma Select Cat"},"content":{"rendered":"\t\t<div data-elementor-type=\"wp-page\" data-elementor-id=\"48334\" class=\"elementor elementor-48334 elementor-3312\" data-elementor-post-type=\"page\">\n\t\t\t\t<div class=\"elementor-element elementor-element-e7e168a e-con-full e-flex e-con e-parent\" data-id=\"e7e168a\" data-element_type=\"container\" data-e-type=\"container\" data-settings=\"{&quot;background_background&quot;:&quot;classic&quot;,&quot;shape_divider_bottom&quot;:&quot;waves&quot;}\">\n\t\t\t\t<div class=\"elementor-shape elementor-shape-bottom\" aria-hidden=\"true\" data-negative=\"false\">\n\t\t\t<svg xmlns=\"http:\/\/www.w3.org\/2000\/svg\" viewBox=\"0 0 1000 100\" preserveAspectRatio=\"none\">\n\t<path class=\"elementor-shape-fill\" d=\"M421.9,6.5c22.6-2.5,51.5,0.4,75.5,5.3c23.6,4.9,70.9,23.5,100.5,35.7c75.8,32.2,133.7,44.5,192.6,49.7\n\tc23.6,2.1,48.7,3.5,103.4-2.5c54.7-6,106.2-25.6,106.2-25.6V0H0v30.3c0,0,72,32.6,158.4,30.5c39.2-0.7,92.8-6.7,134-22.4\n\tc21.2-8.1,52.2-18.2,79.7-24.2C399.3,7.9,411.6,7.5,421.9,6.5z\"\/>\n<\/svg>\t\t<\/div>\n\t\t<div class=\"elementor-element elementor-element-854f381 e-con-full e-flex e-con e-child\" data-id=\"854f381\" data-element_type=\"container\" data-e-type=\"container\">\n\t\t\t\t<div class=\"elementor-element elementor-element-ee8c531 elementor-widget elementor-widget-text-editor\" data-id=\"ee8c531\" data-element_type=\"widget\" data-e-type=\"widget\" data-widget_type=\"text-editor.default\">\n\t\t\t\t<div class=\"elementor-widget-container\">\n\t\t\t\t\t\t\t\t\t<p><b>Select Cat<\/b><\/p>\n\t\t\t\t\t\t\t\t<\/div>\n\t\t\t\t<\/div>\n\t\t\t\t<div class=\"elementor-element elementor-element-067466d animated-slow elementor-invisible elementor-widget elementor-widget-heading\" data-id=\"067466d\" data-element_type=\"widget\" data-e-type=\"widget\" data-settings=\"{&quot;_animation&quot;:&quot;fadeIn&quot;}\" data-widget_type=\"heading.default\">\n\t\t\t\t<div class=\"elementor-widget-container\">\n\t\t\t\t\t<h2 class=\"elementor-heading-title elementor-size-default\">Natural i equilibrada per a cadells i adults<\/h2>\t\t\t\t<\/div>\n\t\t\t\t<\/div>\n\t\t\t\t<div class=\"elementor-element elementor-element-2c9b9bd elementor-widget elementor-widget-text-editor\" data-id=\"2c9b9bd\" data-element_type=\"widget\" data-e-type=\"widget\" data-widget_type=\"text-editor.default\">\n\t\t\t\t<div class=\"elementor-widget-container\">\n\t\t\t\t\t\t\t\t\t<p>Aliments elaborats amb ingredients naturals, sense conservants ni colorants, i amb un alt contingut en prote\u00efnes per a cobrir les necessitats energ\u00e8tiques di\u00e0ries dels gats.<\/p>\n\t\t\t\t\t\t\t\t<\/div>\n\t\t\t\t<\/div>\n\t\t\t\t<div class=\"elementor-element elementor-element-4d38140 elementor-widget elementor-widget-woocommerce-breadcrumb\" data-id=\"4d38140\" data-element_type=\"widget\" data-e-type=\"widget\" data-widget_type=\"woocommerce-breadcrumb.default\">\n\t\t\t\t<div class=\"elementor-widget-container\">\n\t\t\t\t\t<nav class=\"woocommerce-breadcrumb\" aria-label=\"Breadcrumb\">Inici<\/nav>\t\t\t\t<\/div>\n\t\t\t\t<\/div>\n\t\t\t\t<\/div>\n\t\t\t\t<\/div>\n\t\t<div class=\"elementor-element elementor-element-fa7b666 e-con-full e-flex e-con e-parent\" data-id=\"fa7b666\" data-element_type=\"container\" data-e-type=\"container\" data-settings=\"{&quot;background_background&quot;:&quot;classic&quot;}\">\n\t\t<div class=\"elementor-element elementor-element-1a9f435 e-con-full e-flex e-con e-child\" data-id=\"1a9f435\" data-element_type=\"container\" data-e-type=\"container\">\n\t\t<div class=\"elementor-element elementor-element-c1b1f72 e-con-full e-flex e-con e-child\" data-id=\"c1b1f72\" data-element_type=\"container\" data-e-type=\"container\" data-settings=\"{&quot;background_background&quot;:&quot;classic&quot;}\">\n\t\t<div class=\"elementor-element elementor-element-526f653 e-con-full e-flex e-con e-child\" data-id=\"526f653\" data-element_type=\"container\" data-e-type=\"container\" data-settings=\"{&quot;background_background&quot;:&quot;classic&quot;,&quot;position&quot;:&quot;absolute&quot;}\">\n\t\t\t\t<\/div>\n\t\t\t\t<\/div>\n\t\t\t\t<\/div>\n\t\t<div class=\"elementor-element elementor-element-b1080f6 e-con-full e-flex e-con e-child\" data-id=\"b1080f6\" data-element_type=\"container\" data-e-type=\"container\">\n\t\t\t\t<div class=\"elementor-element elementor-element-9004682 elementor-widget elementor-widget-heading\" data-id=\"9004682\" data-element_type=\"widget\" data-e-type=\"widget\" data-widget_type=\"heading.default\">\n\t\t\t\t<div class=\"elementor-widget-container\">\n\t\t\t\t\t<h2 class=\"elementor-heading-title elementor-size-default\">Gamma Select Cat<\/h2>\t\t\t\t<\/div>\n\t\t\t\t<\/div>\n\t\t<div class=\"elementor-element elementor-element-3632b18 e-con-full e-flex e-con e-child\" data-id=\"3632b18\" data-element_type=\"container\" data-e-type=\"container\">\n\t\t\t\t<div class=\"elementor-element elementor-element-9d8dab5 elementor-widget elementor-widget-text-editor\" data-id=\"9d8dab5\" data-element_type=\"widget\" data-e-type=\"widget\" data-widget_type=\"text-editor.default\">\n\t\t\t\t<div class=\"elementor-widget-container\">\n\t\t\t\t\t\t\t\t\t<p>La nostra gamma\u00a0Select\u00a0Cat\u00a0ofereix una l\u00ednia d&#8217;aliments que es distingeix per l&#8217;elevada qualitat dels seus ingredients naturals sense conservants ni colorants i un <strong>elevat percentatge de prote\u00efna<\/strong> per a cobrir les seves necessitats di\u00e0ries d&#8217;energia.<\/p>\n\t\t\t\t\t\t\t\t<\/div>\n\t\t\t\t<\/div>\n\t\t\t\t<div class=\"elementor-element elementor-element-5364d91 elementor-widget elementor-widget-text-editor\" data-id=\"5364d91\" data-element_type=\"widget\" data-e-type=\"widget\" data-widget_type=\"text-editor.default\">\n\t\t\t\t<div class=\"elementor-widget-container\">\n\t\t\t\t\t\t\t\t\t<p>La seva formulaci\u00f3 inclou prote\u00efnes d&#8217;origen animal (pollastre, vedella i salm\u00f3), ou i arr\u00f2s, aix\u00ed com plasma, fibres vegetals, minerals quelats, antioxidants naturals i taurina, que proporcionen una dieta equilibrada i completa per a <strong>satisfer les necessitats de cada ga<\/strong>t (cadell i adult).<\/p>\n\t\t\t\t\t\t\t\t<\/div>\n\t\t\t\t<\/div>\n\t\t\t\t<div class=\"elementor-element elementor-element-41e8e34 elementor-widget elementor-widget-text-editor\" data-id=\"41e8e34\" data-element_type=\"widget\" data-e-type=\"widget\" data-widget_type=\"text-editor.default\">\n\t\t\t\t<div class=\"elementor-widget-container\">\n\t\t\t\t\t\t\t\t\t<p>Les receptes d&#8217;aquesta gamma s\u00f3n molt saboroses i digestibles, contenen taurina afegida per a donar suport a la funci\u00f3 ocular i card\u00edaca, i <strong>plasma<\/strong> per a ajudar a la millora del sistema immunitari. Promouen un sistema urinari sa.<\/p>\n\t\t\t\t\t\t\t\t<\/div>\n\t\t\t\t<\/div>\n\t\t\t\t<\/div>\n\t\t\t\t<\/div>\n\t\t\t\t<\/div>\n\t\t<div class=\"elementor-element elementor-element-5af6e23 e-flex e-con-boxed e-con e-parent\" data-id=\"5af6e23\" data-element_type=\"container\" data-e-type=\"container\" data-settings=\"{&quot;background_background&quot;:&quot;classic&quot;}\">\n\t\t\t\t\t<div class=\"e-con-inner\">\n\t\t<div class=\"elementor-element elementor-element-ad118bd e-con-full e-flex e-con e-child\" data-id=\"ad118bd\" data-element_type=\"container\" data-e-type=\"container\" data-settings=\"{&quot;background_background&quot;:&quot;classic&quot;}\">\n\t\t\t\t<div class=\"elementor-element elementor-element-7f246bd elementor-widget elementor-widget-heading\" data-id=\"7f246bd\" data-element_type=\"widget\" data-e-type=\"widget\" data-widget_type=\"heading.default\">\n\t\t\t\t<div class=\"elementor-widget-container\">\n\t\t\t\t\t<h2 class=\"elementor-heading-title elementor-size-default\">Els nostres productes<\/h2>\t\t\t\t<\/div>\n\t\t\t\t<\/div>\n\t\t<div class=\"elementor-element elementor-element-5335bef e-con-full e-flex e-con e-child\" data-id=\"5335bef\" data-element_type=\"container\" data-e-type=\"container\">\n\t\t\t\t<\/div>\n\t\t\t\t<\/div>\n\t\t\t\t\t<\/div>\n\t\t\t\t<\/div>\n\t\t\t\t<\/div>\n\t\t","protected":false},"excerpt":{"rendered":"<p>Select Cat Natural i equilibrada per a cadells i adults Aliments elaborats amb ingredients naturals, sense conservants ni colorants, i amb un alt contingut en prote\u00efnes per a cobrir les necessitats energ\u00e8tiques di\u00e0ries dels gats. Gamma Select Cat La nostra gamma\u00a0Select\u00a0Cat\u00a0ofereix una l\u00ednia d&#8217;aliments que es distingeix per l&#8217;elevada qualitat dels seus ingredients naturals sense [&hellip;]<\/p>\n","protected":false},"author":1,"featured_media":0,"parent":48161,"menu_order":0,"comment_status":"closed","ping_status":"closed","template":"","meta":{"footnotes":""},"class_list":["post-48334","page","type-page","status-publish","hentry"],"_links":{"self":[{"href":"https:\/\/picartpetcare.com\/ca\/wp-json\/wp\/v2\/pages\/48334","targetHints":{"allow":["GET"]}}],"collection":[{"href":"https:\/\/picartpetcare.com\/ca\/wp-json\/wp\/v2\/pages"}],"about":[{"href":"https:\/\/picartpetcare.com\/ca\/wp-json\/wp\/v2\/types\/page"}],"author":[{"embeddable":true,"href":"https:\/\/picartpetcare.com\/ca\/wp-json\/wp\/v2\/users\/1"}],"replies":[{"embeddable":true,"href":"https:\/\/picartpetcare.com\/ca\/wp-json\/wp\/v2\/comments?post=48334"}],"version-history":[{"count":1,"href":"https:\/\/picartpetcare.com\/ca\/wp-json\/wp\/v2\/pages\/48334\/revisions"}],"predecessor-version":[{"id":48338,"href":"https:\/\/picartpetcare.com\/ca\/wp-json\/wp\/v2\/pages\/48334\/revisions\/48338"}],"up":[{"embeddable":true,"href":"https:\/\/picartpetcare.com\/ca\/wp-json\/wp\/v2\/pages\/48161"}],"wp:attachment":[{"href":"https:\/\/picartpetcare.com\/ca\/wp-json\/wp\/v2\/media?parent=48334"}],"curies":[{"name":"wp","href":"https:\/\/api.w.org\/{rel}","templated":true}]}}