{"id":48479,"date":"2024-08-30T08:07:31","date_gmt":"2024-08-30T08:07:31","guid":{"rendered":"https:\/\/picartpetcare.com\/gossos\/gamma-select-diet\/"},"modified":"2026-04-28T11:10:55","modified_gmt":"2026-04-28T11:10:55","slug":"gamma-select-diet","status":"publish","type":"page","link":"https:\/\/picartpetcare.com\/ca\/gossos\/gamma-select-diet\/","title":{"rendered":"Gamma Select Diet"},"content":{"rendered":"\t\t<div data-elementor-type=\"wp-page\" data-elementor-id=\"48479\" class=\"elementor elementor-48479 elementor-751\" data-elementor-post-type=\"page\">\n\t\t\t\t<div class=\"elementor-element elementor-element-e7e168a e-con-full e-flex e-con e-parent\" data-id=\"e7e168a\" data-element_type=\"container\" data-e-type=\"container\" data-settings=\"{&quot;background_background&quot;:&quot;classic&quot;,&quot;shape_divider_bottom&quot;:&quot;waves&quot;}\">\n\t\t\t\t<div class=\"elementor-shape elementor-shape-bottom\" aria-hidden=\"true\" data-negative=\"false\">\n\t\t\t<svg xmlns=\"http:\/\/www.w3.org\/2000\/svg\" viewBox=\"0 0 1000 100\" preserveAspectRatio=\"none\">\n\t<path class=\"elementor-shape-fill\" d=\"M421.9,6.5c22.6-2.5,51.5,0.4,75.5,5.3c23.6,4.9,70.9,23.5,100.5,35.7c75.8,32.2,133.7,44.5,192.6,49.7\n\tc23.6,2.1,48.7,3.5,103.4-2.5c54.7-6,106.2-25.6,106.2-25.6V0H0v30.3c0,0,72,32.6,158.4,30.5c39.2-0.7,92.8-6.7,134-22.4\n\tc21.2-8.1,52.2-18.2,79.7-24.2C399.3,7.9,411.6,7.5,421.9,6.5z\"\/>\n<\/svg>\t\t<\/div>\n\t\t<div class=\"elementor-element elementor-element-854f381 e-con-full e-flex e-con e-child\" data-id=\"854f381\" data-element_type=\"container\" data-e-type=\"container\">\n\t\t\t\t<div class=\"elementor-element elementor-element-ee8c531 elementor-widget elementor-widget-text-editor\" data-id=\"ee8c531\" data-element_type=\"widget\" data-e-type=\"widget\" data-widget_type=\"text-editor.default\">\n\t\t\t\t<div class=\"elementor-widget-container\">\n\t\t\t\t\t\t\t\t\t<p><b>Select Diet<\/b><\/p>\n\t\t\t\t\t\t\t\t<\/div>\n\t\t\t\t<\/div>\n\t\t\t\t<div class=\"elementor-element elementor-element-067466d animated-slow elementor-widget-mobile__width-initial elementor-invisible elementor-widget elementor-widget-heading\" data-id=\"067466d\" data-element_type=\"widget\" data-e-type=\"widget\" data-settings=\"{&quot;_animation&quot;:&quot;fadeIn&quot;}\" data-widget_type=\"heading.default\">\n\t\t\t\t<div class=\"elementor-widget-container\">\n\t\t\t\t\t<h2 class=\"elementor-heading-title elementor-size-default\">Ingredients funcionals per a necessitats de salut espec\u00edfiques<\/h2>\t\t\t\t<\/div>\n\t\t\t\t<\/div>\n\t\t\t\t<div class=\"elementor-element elementor-element-ac2e62a elementor-widget-mobile__width-initial elementor-widget elementor-widget-text-editor\" data-id=\"ac2e62a\" data-element_type=\"widget\" data-e-type=\"widget\" data-widget_type=\"text-editor.default\">\n\t\t\t\t<div class=\"elementor-widget-container\">\n\t\t\t\t\t\t\t\t\t<p>Picart Select DIET est\u00e0 formada per aliments complets dissenyats amb finalitats nutricionals espec\u00edfiques.<\/p>\n\t\t\t\t\t\t\t\t<\/div>\n\t\t\t\t<\/div>\n\t\t\t\t<div class=\"elementor-element elementor-element-5db2e95 elementor-widget elementor-widget-woocommerce-breadcrumb\" data-id=\"5db2e95\" data-element_type=\"widget\" data-e-type=\"widget\" data-widget_type=\"woocommerce-breadcrumb.default\">\n\t\t\t\t<div class=\"elementor-widget-container\">\n\t\t\t\t\t<nav class=\"woocommerce-breadcrumb\" aria-label=\"Breadcrumb\">Inici<\/nav>\t\t\t\t<\/div>\n\t\t\t\t<\/div>\n\t\t\t\t<\/div>\n\t\t\t\t<\/div>\n\t\t<div class=\"elementor-element elementor-element-fa7b666 e-con-full e-flex e-con e-parent\" data-id=\"fa7b666\" data-element_type=\"container\" data-e-type=\"container\" data-settings=\"{&quot;background_background&quot;:&quot;classic&quot;}\">\n\t\t<div class=\"elementor-element elementor-element-1a9f435 e-con-full e-flex e-con e-child\" data-id=\"1a9f435\" data-element_type=\"container\" data-e-type=\"container\">\n\t\t<div class=\"elementor-element elementor-element-c1b1f72 e-con-full e-flex e-con e-child\" data-id=\"c1b1f72\" data-element_type=\"container\" data-e-type=\"container\" data-settings=\"{&quot;background_background&quot;:&quot;classic&quot;}\">\n\t\t\t\t<\/div>\n\t\t<div class=\"elementor-element elementor-element-abc9222 e-con-full e-flex e-con e-child\" data-id=\"abc9222\" data-element_type=\"container\" data-e-type=\"container\" data-settings=\"{&quot;background_background&quot;:&quot;classic&quot;,&quot;position&quot;:&quot;absolute&quot;}\">\n\t\t\t\t<\/div>\n\t\t\t\t<\/div>\n\t\t<div class=\"elementor-element elementor-element-b1080f6 e-con-full e-flex e-con e-child\" data-id=\"b1080f6\" data-element_type=\"container\" data-e-type=\"container\">\n\t\t\t\t<div class=\"elementor-element elementor-element-9004682 elementor-widget elementor-widget-heading\" data-id=\"9004682\" data-element_type=\"widget\" data-e-type=\"widget\" data-widget_type=\"heading.default\">\n\t\t\t\t<div class=\"elementor-widget-container\">\n\t\t\t\t\t<h2 class=\"elementor-heading-title elementor-size-default\">Gamma Select Diet<\/h2>\t\t\t\t<\/div>\n\t\t\t\t<\/div>\n\t\t<div class=\"elementor-element elementor-element-3632b18 e-con-full e-flex e-con e-child\" data-id=\"3632b18\" data-element_type=\"container\" data-e-type=\"container\">\n\t\t\t\t<div class=\"elementor-element elementor-element-9d8dab5 elementor-widget elementor-widget-text-editor\" data-id=\"9d8dab5\" data-element_type=\"widget\" data-e-type=\"widget\" data-widget_type=\"text-editor.default\">\n\t\t\t\t<div class=\"elementor-widget-container\">\n\t\t\t\t\t\t\t\t\t<p>Picart\u00a0Select\u00a0DIET\u00a0est\u00e0 formada per aliments complets dissenyats amb finalitats nutricionals particulars, especialment formulats per a ajudar als gossos que presenten problemes metab\u00f2lics com a problemes gastrointestinals, intoler\u00e0ncies aliment\u00e0ries, problemes dermatol\u00f2gics, d&#8217;articulacions i sobrep\u00e8s. La seva formulaci\u00f3 acurada i equilibrada, sense colorants ni conservants, ofereix una dieta completa i saludable i minimitza el risc d&#8217;al\u00b7l\u00e8rgies i intoler\u00e0ncies aliment\u00e0ries.<\/p>\n<p>Es tracta d&#8217;aliments diet\u00e8tics complets i equilibrats, elaborats amb ingredients d&#8217;origen natural*, amb vitamines i minerals afegits. S\u00f3n una ajuda nutricional per al maneig de problemes de salut espec\u00edfics. La seva formulaci\u00f3 acurada i equilibrada, sense colorants ni conservants, ofereix una dieta completa i saludable i minimitza el risc d&#8217;al\u00b7l\u00e8rgies i intoler\u00e0ncies aliment\u00e0ries.<\/p>\n<p>Diversos estudis han demostrat que mantenir una nutrici\u00f3 adequada i precisa per a aquelles mascotes que pateixen aquest tipus de trastorns alleuja els s\u00edmptomes d&#8217;aquestes patologies i permet que tinguin una vida m\u00e9s llarga i saludable.<\/p>\n\t\t\t\t\t\t\t\t<\/div>\n\t\t\t\t<\/div>\n\t\t\t\t<\/div>\n\t\t\t\t<\/div>\n\t\t\t\t<\/div>\n\t\t<div class=\"elementor-element elementor-element-98e3828 e-flex e-con-boxed e-con e-parent\" data-id=\"98e3828\" data-element_type=\"container\" data-e-type=\"container\" data-settings=\"{&quot;background_background&quot;:&quot;classic&quot;}\">\n\t\t\t\t\t<div class=\"e-con-inner\">\n\t\t<div class=\"elementor-element elementor-element-3dfbb3f e-con-full e-flex e-con e-child\" data-id=\"3dfbb3f\" data-element_type=\"container\" data-e-type=\"container\" data-settings=\"{&quot;background_background&quot;:&quot;classic&quot;}\">\n\t\t\t\t<div class=\"elementor-element elementor-element-1f80171 elementor-widget elementor-widget-heading\" data-id=\"1f80171\" data-element_type=\"widget\" data-e-type=\"widget\" data-widget_type=\"heading.default\">\n\t\t\t\t<div class=\"elementor-widget-container\">\n\t\t\t\t\t<h2 class=\"elementor-heading-title elementor-size-default\">Els nostres productes<\/h2>\t\t\t\t<\/div>\n\t\t\t\t<\/div>\n\t\t<div class=\"elementor-element elementor-element-99d35b8 e-con-full e-flex e-con e-child\" data-id=\"99d35b8\" data-element_type=\"container\" data-e-type=\"container\">\n\t\t\t\t<\/div>\n\t\t\t\t<\/div>\n\t\t\t\t\t<\/div>\n\t\t\t\t<\/div>\n\t\t\t\t<\/div>\n\t\t","protected":false},"excerpt":{"rendered":"<p>Select Diet Ingredients funcionals per a necessitats de salut espec\u00edfiques Picart Select DIET est\u00e0 formada per aliments complets dissenyats amb finalitats nutricionals espec\u00edfiques. Gamma Select Diet Picart\u00a0Select\u00a0DIET\u00a0est\u00e0 formada per aliments complets dissenyats amb finalitats nutricionals particulars, especialment formulats per a ajudar als gossos que presenten problemes metab\u00f2lics com a problemes gastrointestinals, intoler\u00e0ncies aliment\u00e0ries, problemes dermatol\u00f2gics, [&hellip;]<\/p>\n","protected":false},"author":1,"featured_media":0,"parent":48465,"menu_order":0,"comment_status":"closed","ping_status":"closed","template":"","meta":{"footnotes":""},"class_list":["post-48479","page","type-page","status-publish","hentry"],"_links":{"self":[{"href":"https:\/\/picartpetcare.com\/ca\/wp-json\/wp\/v2\/pages\/48479","targetHints":{"allow":["GET"]}}],"collection":[{"href":"https:\/\/picartpetcare.com\/ca\/wp-json\/wp\/v2\/pages"}],"about":[{"href":"https:\/\/picartpetcare.com\/ca\/wp-json\/wp\/v2\/types\/page"}],"author":[{"embeddable":true,"href":"https:\/\/picartpetcare.com\/ca\/wp-json\/wp\/v2\/users\/1"}],"replies":[{"embeddable":true,"href":"https:\/\/picartpetcare.com\/ca\/wp-json\/wp\/v2\/comments?post=48479"}],"version-history":[{"count":3,"href":"https:\/\/picartpetcare.com\/ca\/wp-json\/wp\/v2\/pages\/48479\/revisions"}],"predecessor-version":[{"id":48671,"href":"https:\/\/picartpetcare.com\/ca\/wp-json\/wp\/v2\/pages\/48479\/revisions\/48671"}],"up":[{"embeddable":true,"href":"https:\/\/picartpetcare.com\/ca\/wp-json\/wp\/v2\/pages\/48465"}],"wp:attachment":[{"href":"https:\/\/picartpetcare.com\/ca\/wp-json\/wp\/v2\/media?parent=48479"}],"curies":[{"name":"wp","href":"https:\/\/api.w.org\/{rel}","templated":true}]}}