{"id":48483,"date":"2024-08-30T07:57:56","date_gmt":"2024-08-30T07:57:56","guid":{"rendered":"https:\/\/picartpetcare.com\/gossos\/gamma-select-dog\/"},"modified":"2026-04-23T11:26:48","modified_gmt":"2026-04-23T11:26:48","slug":"gamma-select-dog","status":"publish","type":"page","link":"https:\/\/picartpetcare.com\/ca\/gossos\/gamma-select-dog\/","title":{"rendered":"Gamma Select Dog"},"content":{"rendered":"\t\t<div data-elementor-type=\"wp-page\" data-elementor-id=\"48483\" class=\"elementor elementor-48483 elementor-741\" data-elementor-post-type=\"page\">\n\t\t\t\t<div class=\"elementor-element elementor-element-e7e168a e-con-full e-flex e-con e-parent\" data-id=\"e7e168a\" data-element_type=\"container\" data-e-type=\"container\" data-settings=\"{&quot;background_background&quot;:&quot;classic&quot;,&quot;shape_divider_bottom&quot;:&quot;waves&quot;}\">\n\t\t\t\t<div class=\"elementor-shape elementor-shape-bottom\" aria-hidden=\"true\" data-negative=\"false\">\n\t\t\t<svg xmlns=\"http:\/\/www.w3.org\/2000\/svg\" viewBox=\"0 0 1000 100\" preserveAspectRatio=\"none\">\n\t<path class=\"elementor-shape-fill\" d=\"M421.9,6.5c22.6-2.5,51.5,0.4,75.5,5.3c23.6,4.9,70.9,23.5,100.5,35.7c75.8,32.2,133.7,44.5,192.6,49.7\n\tc23.6,2.1,48.7,3.5,103.4-2.5c54.7-6,106.2-25.6,106.2-25.6V0H0v30.3c0,0,72,32.6,158.4,30.5c39.2-0.7,92.8-6.7,134-22.4\n\tc21.2-8.1,52.2-18.2,79.7-24.2C399.3,7.9,411.6,7.5,421.9,6.5z\"\/>\n<\/svg>\t\t<\/div>\n\t\t<div class=\"elementor-element elementor-element-854f381 e-con-full e-flex e-con e-child\" data-id=\"854f381\" data-element_type=\"container\" data-e-type=\"container\">\n\t\t\t\t<div class=\"elementor-element elementor-element-ee8c531 elementor-widget elementor-widget-text-editor\" data-id=\"ee8c531\" data-element_type=\"widget\" data-e-type=\"widget\" data-widget_type=\"text-editor.default\">\n\t\t\t\t<div class=\"elementor-widget-container\">\n\t\t\t\t\t\t\t\t\t<p>Select dog<\/p>\n\t\t\t\t\t\t\t\t<\/div>\n\t\t\t\t<\/div>\n\t\t\t\t<div class=\"elementor-element elementor-element-067466d animated-slow elementor-invisible elementor-widget elementor-widget-heading\" data-id=\"067466d\" data-element_type=\"widget\" data-e-type=\"widget\" data-settings=\"{&quot;_animation&quot;:&quot;fadeIn&quot;}\" data-widget_type=\"heading.default\">\n\t\t\t\t<div class=\"elementor-widget-container\">\n\t\t\t\t\t<h2 class=\"elementor-heading-title elementor-size-default\">Nutrici\u00f3 i benestar a cada pas<\/h2>\t\t\t\t<\/div>\n\t\t\t\t<\/div>\n\t\t\t\t<div class=\"elementor-element elementor-element-ac2e62a elementor-widget elementor-widget-text-editor\" data-id=\"ac2e62a\" data-element_type=\"widget\" data-e-type=\"widget\" data-widget_type=\"text-editor.default\">\n\t\t\t\t<div class=\"elementor-widget-container\">\n\t\t\t\t\t\t\t\t\t<p>La nostra gamma Select Dog ofereix una l\u00ednia d&#8217;aliments que destaca per l&#8217;alta qualitat dels seus ingredients naturals, sense conservants ni colorants artificials.<\/p>\n\t\t\t\t\t\t\t\t<\/div>\n\t\t\t\t<\/div>\n\t\t\t\t<div class=\"elementor-element elementor-element-c1c37a9 elementor-widget elementor-widget-woocommerce-breadcrumb\" data-id=\"c1c37a9\" data-element_type=\"widget\" data-e-type=\"widget\" data-widget_type=\"woocommerce-breadcrumb.default\">\n\t\t\t\t<div class=\"elementor-widget-container\">\n\t\t\t\t\t<nav class=\"woocommerce-breadcrumb\" aria-label=\"Breadcrumb\">Inici<\/nav>\t\t\t\t<\/div>\n\t\t\t\t<\/div>\n\t\t\t\t<\/div>\n\t\t\t\t<\/div>\n\t\t<div class=\"elementor-element elementor-element-fa7b666 e-con-full e-flex e-con e-parent\" data-id=\"fa7b666\" data-element_type=\"container\" data-e-type=\"container\" data-settings=\"{&quot;background_background&quot;:&quot;classic&quot;}\">\n\t\t<div class=\"elementor-element elementor-element-1a9f435 e-con-full e-flex e-con e-child\" data-id=\"1a9f435\" data-element_type=\"container\" data-e-type=\"container\">\n\t\t<div class=\"elementor-element elementor-element-c1b1f72 e-con-full e-flex e-con e-child\" data-id=\"c1b1f72\" data-element_type=\"container\" data-e-type=\"container\" data-settings=\"{&quot;background_background&quot;:&quot;classic&quot;}\">\n\t\t\t\t<\/div>\n\t\t<div class=\"elementor-element elementor-element-abc9222 e-con-full e-flex e-con e-child\" data-id=\"abc9222\" data-element_type=\"container\" data-e-type=\"container\" data-settings=\"{&quot;background_background&quot;:&quot;classic&quot;,&quot;position&quot;:&quot;absolute&quot;}\">\n\t\t\t\t<\/div>\n\t\t\t\t<\/div>\n\t\t<div class=\"elementor-element elementor-element-b1080f6 e-con-full e-flex e-con e-child\" data-id=\"b1080f6\" data-element_type=\"container\" data-e-type=\"container\">\n\t\t\t\t<div class=\"elementor-element elementor-element-9004682 elementor-widget elementor-widget-heading\" data-id=\"9004682\" data-element_type=\"widget\" data-e-type=\"widget\" data-widget_type=\"heading.default\">\n\t\t\t\t<div class=\"elementor-widget-container\">\n\t\t\t\t\t<h2 class=\"elementor-heading-title elementor-size-default\">Gamma Select Dog<\/h2>\t\t\t\t<\/div>\n\t\t\t\t<\/div>\n\t\t<div class=\"elementor-element elementor-element-3632b18 e-con-full e-flex e-con e-child\" data-id=\"3632b18\" data-element_type=\"container\" data-e-type=\"container\">\n\t\t\t\t<div class=\"elementor-element elementor-element-9d8dab5 elementor-widget elementor-widget-text-editor\" data-id=\"9d8dab5\" data-element_type=\"widget\" data-e-type=\"widget\" data-widget_type=\"text-editor.default\">\n\t\t\t\t<div class=\"elementor-widget-container\">\n\t\t\t\t\t\t\t\t\t<p>Utilitzem nom\u00e9s els ingredients necessaris i d&#8217;alta <strong>qualitat<\/strong>. Els nostres productes sempre contenen <strong>prote\u00efnes naturals<\/strong>, antioxidants naturals i microingredients innovadors que afavoreixen la teva salut.<\/p>\n\t\t\t\t\t\t\t\t<\/div>\n\t\t\t\t<\/div>\n\t\t\t\t<div class=\"elementor-element elementor-element-bbbd3dc elementor-widget elementor-widget-text-editor\" data-id=\"bbbd3dc\" data-element_type=\"widget\" data-e-type=\"widget\" data-widget_type=\"text-editor.default\">\n\t\t\t\t<div class=\"elementor-widget-container\">\n\t\t\t\t\t\t\t\t\t<p>Cada f\u00f3rmula ha estat desenvolupada amb cura pels nostres veterinaris i nutricionistes, i cont\u00e9 <strong>nutrace\u00fatics<\/strong> adaptats a les <strong>necessitats<\/strong> de la vostra mascota en diferents etapes de la vida (cadell, adult i s\u00e8nior), oferint beneficis significatius tant per a la salut digestiva com per al sistema immunitari, contribuint aix\u00ed al <strong>benestar general dels animals<\/strong>.<\/p>\n\t\t\t\t\t\t\t\t<\/div>\n\t\t\t\t<\/div>\n\t\t\t\t<div class=\"elementor-element elementor-element-5364d91 elementor-widget elementor-widget-text-editor\" data-id=\"5364d91\" data-element_type=\"widget\" data-e-type=\"widget\" data-widget_type=\"text-editor.default\">\n\t\t\t\t<div class=\"elementor-widget-container\">\n\t\t\t\t\t\t\t\t\t<p>Les receptes d&#8217;aquesta gamma s\u00f3n <strong>altament digeribles<\/strong>, cosa que ajuda a millorar l&#8217;absorci\u00f3 de nutrients i redueix la probabilitat de problemes digestius.<\/p>\n\t\t\t\t\t\t\t\t<\/div>\n\t\t\t\t<\/div>\n\t\t\t\t<\/div>\n\t\t\t\t<\/div>\n\t\t\t\t<\/div>\n\t\t<div class=\"elementor-element elementor-element-bafbe06 e-flex e-con-boxed e-con e-parent\" data-id=\"bafbe06\" data-element_type=\"container\" data-e-type=\"container\" data-settings=\"{&quot;background_background&quot;:&quot;classic&quot;}\">\n\t\t\t\t\t<div class=\"e-con-inner\">\n\t\t<div class=\"elementor-element elementor-element-8c60f4f e-con-full e-flex e-con e-child\" data-id=\"8c60f4f\" data-element_type=\"container\" data-e-type=\"container\" data-settings=\"{&quot;background_background&quot;:&quot;classic&quot;}\">\n\t\t\t\t<div class=\"elementor-element elementor-element-9d96d69 elementor-widget elementor-widget-heading\" data-id=\"9d96d69\" data-element_type=\"widget\" data-e-type=\"widget\" data-widget_type=\"heading.default\">\n\t\t\t\t<div class=\"elementor-widget-container\">\n\t\t\t\t\t<h2 class=\"elementor-heading-title elementor-size-default\">Els nostres productes<\/h2>\t\t\t\t<\/div>\n\t\t\t\t<\/div>\n\t\t<div class=\"elementor-element elementor-element-e22db00 e-con-full e-flex e-con e-child\" data-id=\"e22db00\" data-element_type=\"container\" data-e-type=\"container\">\n\t\t\t\t<\/div>\n\t\t\t\t<\/div>\n\t\t\t\t\t<\/div>\n\t\t\t\t<\/div>\n\t\t\t\t<\/div>\n\t\t","protected":false},"excerpt":{"rendered":"<p>Select dog Nutrici\u00f3 i benestar a cada pas La nostra gamma Select Dog ofereix una l\u00ednia d&#8217;aliments que destaca per l&#8217;alta qualitat dels seus ingredients naturals, sense conservants ni colorants artificials. Gamma Select Dog Utilitzem nom\u00e9s els ingredients necessaris i d&#8217;alta qualitat. Els nostres productes sempre contenen prote\u00efnes naturals, antioxidants naturals i microingredients innovadors que [&hellip;]<\/p>\n","protected":false},"author":1,"featured_media":0,"parent":48465,"menu_order":0,"comment_status":"closed","ping_status":"closed","template":"","meta":{"footnotes":""},"class_list":["post-48483","page","type-page","status-publish","hentry"],"_links":{"self":[{"href":"https:\/\/picartpetcare.com\/ca\/wp-json\/wp\/v2\/pages\/48483","targetHints":{"allow":["GET"]}}],"collection":[{"href":"https:\/\/picartpetcare.com\/ca\/wp-json\/wp\/v2\/pages"}],"about":[{"href":"https:\/\/picartpetcare.com\/ca\/wp-json\/wp\/v2\/types\/page"}],"author":[{"embeddable":true,"href":"https:\/\/picartpetcare.com\/ca\/wp-json\/wp\/v2\/users\/1"}],"replies":[{"embeddable":true,"href":"https:\/\/picartpetcare.com\/ca\/wp-json\/wp\/v2\/comments?post=48483"}],"version-history":[{"count":1,"href":"https:\/\/picartpetcare.com\/ca\/wp-json\/wp\/v2\/pages\/48483\/revisions"}],"predecessor-version":[{"id":48485,"href":"https:\/\/picartpetcare.com\/ca\/wp-json\/wp\/v2\/pages\/48483\/revisions\/48485"}],"up":[{"embeddable":true,"href":"https:\/\/picartpetcare.com\/ca\/wp-json\/wp\/v2\/pages\/48465"}],"wp:attachment":[{"href":"https:\/\/picartpetcare.com\/ca\/wp-json\/wp\/v2\/media?parent=48483"}],"curies":[{"name":"wp","href":"https:\/\/api.w.org\/{rel}","templated":true}]}}