{"id":48487,"date":"2026-02-05T08:31:18","date_gmt":"2026-02-05T08:31:18","guid":{"rendered":"https:\/\/picartpetcare.com\/politica-de-cookies\/"},"modified":"2026-04-28T11:16:16","modified_gmt":"2026-04-28T11:16:16","slug":"politica-de-cookies","status":"publish","type":"page","link":"https:\/\/picartpetcare.com\/ca\/politica-de-cookies\/","title":{"rendered":"Pol\u00edtica de Cookies"},"content":{"rendered":"\t\t<div data-elementor-type=\"wp-page\" data-elementor-id=\"48487\" class=\"elementor elementor-48487 elementor-45073\" data-elementor-post-type=\"page\">\n\t\t\t\t<div class=\"elementor-element elementor-element-e7e168a e-con-full e-flex e-con e-parent\" data-id=\"e7e168a\" data-element_type=\"container\" data-e-type=\"container\" data-settings=\"{&quot;background_background&quot;:&quot;classic&quot;,&quot;shape_divider_bottom&quot;:&quot;waves&quot;}\">\n\t\t\t\t<div class=\"elementor-shape elementor-shape-bottom\" aria-hidden=\"true\" data-negative=\"false\">\n\t\t\t<svg xmlns=\"http:\/\/www.w3.org\/2000\/svg\" viewBox=\"0 0 1000 100\" preserveAspectRatio=\"none\">\n\t<path class=\"elementor-shape-fill\" d=\"M421.9,6.5c22.6-2.5,51.5,0.4,75.5,5.3c23.6,4.9,70.9,23.5,100.5,35.7c75.8,32.2,133.7,44.5,192.6,49.7\n\tc23.6,2.1,48.7,3.5,103.4-2.5c54.7-6,106.2-25.6,106.2-25.6V0H0v30.3c0,0,72,32.6,158.4,30.5c39.2-0.7,92.8-6.7,134-22.4\n\tc21.2-8.1,52.2-18.2,79.7-24.2C399.3,7.9,411.6,7.5,421.9,6.5z\"\/>\n<\/svg>\t\t<\/div>\n\t\t<div class=\"elementor-element elementor-element-854f381 e-con-full e-flex e-con e-child\" data-id=\"854f381\" data-element_type=\"container\" data-e-type=\"container\">\n\t\t\t\t<div class=\"elementor-element elementor-element-067466d animated-slow elementor-invisible elementor-widget elementor-widget-heading\" data-id=\"067466d\" data-element_type=\"widget\" data-e-type=\"widget\" data-settings=\"{&quot;_animation&quot;:&quot;fadeIn&quot;}\" data-widget_type=\"heading.default\">\n\t\t\t\t<div class=\"elementor-widget-container\">\n\t\t\t\t\t<h2 class=\"elementor-heading-title elementor-size-default\">Pol\u00edtica de Cookies<\/h2>\t\t\t\t<\/div>\n\t\t\t\t<\/div>\n\t\t\t\t<\/div>\n\t\t\t\t<\/div>\n\t\t<div class=\"elementor-element elementor-element-e487e76 e-flex e-con-boxed e-con e-parent\" data-id=\"e487e76\" data-element_type=\"container\" data-e-type=\"container\">\n\t\t\t\t\t<div class=\"e-con-inner\">\n\t\t\t\t<div class=\"elementor-element elementor-element-5d3c6d3 elementor-widget elementor-widget-heading\" data-id=\"5d3c6d3\" data-element_type=\"widget\" data-e-type=\"widget\" data-widget_type=\"heading.default\">\n\t\t\t\t<div class=\"elementor-widget-container\">\n\t\t\t\t\t<h6 class=\"elementor-heading-title elementor-size-default\">Definici\u00f3 i finalitat de les cookies<\/h6>\t\t\t\t<\/div>\n\t\t\t\t<\/div>\n\t\t\t\t<div class=\"elementor-element elementor-element-b41300b elementor-widget elementor-widget-text-editor\" data-id=\"b41300b\" data-element_type=\"widget\" data-e-type=\"widget\" data-widget_type=\"text-editor.default\">\n\t\t\t\t<div class=\"elementor-widget-container\">\n\t\t\t\t\t\t\t\t\t<p>D&#8217;acord amb les disposicions de la Llei 34\/2002, de Serveis de la Societat de la Informaci\u00f3 i de Comer\u00e7 Electr\u00f2nic, l&#8217;informem que aquest lloc web emmagatzema informaci\u00f3 sobre les adreces IP dels ordinadors i utilitza galetes (cookies) per tal de proporcionar un millor servei i millorar la seva experi\u00e8ncia de navegaci\u00f3.<\/p>\n<p>Les galetes s\u00f3n petits fitxers de text que contenen informaci\u00f3 i que es generen a l&#8217;ordinador o dispositiu de l&#8217;Usuari quan navega pel lloc web. En navegar per aquest lloc web, vost\u00e8 consent la recepci\u00f3 d&#8217;aquestes galetes. A trav\u00e9s d&#8217;elles, PIENSOS PICART, S.A. nom\u00e9s obt\u00e9 i ret\u00e9 informaci\u00f3 en les condicions descrites en aquesta Pol\u00edtica de galetes:<\/p>\n\t\t\t\t\t\t\t\t<\/div>\n\t\t\t\t<\/div>\n\t\t\t\t<div class=\"elementor-element elementor-element-50c32c1 elementor-widget elementor-widget-heading\" data-id=\"50c32c1\" data-element_type=\"widget\" data-e-type=\"widget\" data-widget_type=\"heading.default\">\n\t\t\t\t<div class=\"elementor-widget-container\">\n\t\t\t\t\t<h6 class=\"elementor-heading-title elementor-size-default\">Quins tipus de cookies fem servir?<\/h6>\t\t\t\t<\/div>\n\t\t\t\t<\/div>\n\t\t\t\t<div class=\"elementor-element elementor-element-2b88be1 elementor-widget elementor-widget-text-editor\" data-id=\"2b88be1\" data-element_type=\"widget\" data-e-type=\"widget\" data-widget_type=\"text-editor.default\">\n\t\t\t\t<div class=\"elementor-widget-container\">\n\t\t\t\t\t\t\t\t\t<p>Segons el temps que romanen actives:<\/p>\n<ul>\n<li><strong>Cookies de sessi\u00f3<\/strong>: S\u00f3n un tipus de galeta dissenyada per a recollir i emmagatzemar dades mentre accediu al nostre lloc web; romanen al fitxer de galetes del vostre navegador fins que deixeu el lloc. Els exemples inclouen les galetes d&#8217;identificaci\u00f3.<\/li>\n<\/ul>\n<p>&nbsp;<\/p>\n<ul>\n<li><strong>Cookies persistents<\/strong>: S\u00f3n un tipus de galeta on les dades romanen emmagatzemades al vostre dispositiu i es poden accedir i processar durant un per\u00edode de temps espec\u00edfic.<\/li>\n<\/ul>\n<p>&nbsp;<\/p>\n<p>Segons la seva finalitat i l&#8217;entitat que les gestiona:<\/p>\n<ul>\n<li><strong>Cookies pr\u00f2pies<\/strong>: S\u00f3n les que enviem al vostre ordinador o dispositiu des del nostre lloc web.<\/li>\n<\/ul>\n<p>&nbsp;<\/p>\n<ul>\n<li><strong>Cookies de tercers<\/strong>: S\u00f3n les que s&#8217;envien al vostre ordinador o dispositiu des d&#8217;un domini o lloc web que no \u00e9s gestionat per nosaltres, sin\u00f3 per una organitzaci\u00f3 associada. Per exemple, les que utilitza Google, que instal\u00b7la galetes que ens ajuden a analitzar el rendiment del nostre lloc web i a millorar l&#8217;efic\u00e0cia de les nostres campanyes de m\u00e0rqueting.<\/li>\n<\/ul>\n<p>&nbsp;<\/p>\n<ul>\n<li><strong>Cookies t\u00e8cniques<\/strong>: s\u00f3n necess\u00e0ries per a la navegaci\u00f3 i el funcionament correcte del nostre lloc web. Per exemple, permeten el proc\u00e9s de compra, controlen els aspectes de seguretat del lloc web i permeten compartir continguts a trav\u00e9s de les xarxes socials\u2026<\/li>\n<\/ul>\n<p>&nbsp;<\/p>\n<ul>\n<li><strong>Cookies d&#8217;an\u00e0lisi<\/strong>: S\u00f3n cookies, processades per nosaltres o per tercers, que ens permeten quantificar el nombre d&#8217;usuaris i realitzar la mesura i an\u00e0lisi estad\u00edstiques de com interactuen els usuaris amb el nostre lloc web. Amb aquesta finalitat, analitzem l&#8217;activitat de navegaci\u00f3 al nostre lloc web per tal de millorar l&#8217;oferta de productes i serveis que oferim. En s\u00f3n exemples:<br \/>\n&#8211; El nombre de visitants \u00fanics de cada p\u00e0gina\/secci\u00f3, que s&#8217;utilitza per comptar el nombre de vegades que un usuari visita el lloc, aix\u00ed com la primera i l&#8217;\u00faltima vegada d&#8217;aquesta visita. Aix\u00f2 ens ajuda a identificar les \u00e0rees m\u00e9s reeixides i a ampliar i millorar el contingut, la qual cosa resulta en una experi\u00e8ncia i un servei m\u00e9s satisfactoris per als usuaris.<br \/>\n&#8211; La data i l&#8217;hora d&#8217;acc\u00e9s al nostre lloc web, per tal d&#8217;identificar els horaris de m\u00e9s tr\u00e0nsit i fer els ajustos necessaris per evitar la congesti\u00f3 durant els nostres per\u00edodes de m\u00e9s activitat.<br \/>\n&#8211; La font de tr\u00e0nsit, que registra l&#8217;origen de l&#8217;usuari, \u00e9s a dir, l&#8217;adre\u00e7a d&#8217;internet des de la qual prov\u00e9 l&#8217;enlla\u00e7 que condueix al nostre lloc web, per tal de promocionar els diversos enlla\u00e7os i b\u00e0ners que apunten al nostre servidor i que donen els millors resultats.<\/li>\n<\/ul>\n<p>&nbsp;<\/p>\n<ul>\n<li><strong>Cookies publicit\u00e0ries i de publicitat comportamental<\/strong>: Les cookies publicit\u00e0ries permeten la gesti\u00f3 m\u00e9s efica\u00e7 de qualsevol espai publicitari que es pugui incloure al nostre lloc web, basant-se en criteris com el contingut publicat o la freq\u00fc\u00e8ncia amb qu\u00e8 es mostren els anuncis.<\/li>\n<\/ul>\n<p>Les cookies de publicitat conductual funcionen basant-se en el comportament dels usuaris (prefer\u00e8ncies i eleccions personals) obtingut mitjan\u00e7ant l&#8217;observaci\u00f3 cont\u00ednua dels seus h\u00e0bits de navegaci\u00f3, la qual cosa permet desenvolupar un perfil espec\u00edfic per mostrar-los anuncis personalitzats en altres llocs web.<\/p>\n\t\t\t\t\t\t\t\t<\/div>\n\t\t\t\t<\/div>\n\t\t\t\t<div class=\"elementor-element elementor-element-6d5d329 elementor-widget elementor-widget-heading\" data-id=\"6d5d329\" data-element_type=\"widget\" data-e-type=\"widget\" data-widget_type=\"heading.default\">\n\t\t\t\t<div class=\"elementor-widget-container\">\n\t\t\t\t\t<h6 class=\"elementor-heading-title elementor-size-default\">Com puc configurar o desactivar les cookies?<\/h6>\t\t\t\t<\/div>\n\t\t\t\t<\/div>\n\t\t\t\t<div class=\"elementor-element elementor-element-611a404 elementor-widget elementor-widget-text-editor\" data-id=\"611a404\" data-element_type=\"widget\" data-e-type=\"widget\" data-widget_type=\"text-editor.default\">\n\t\t\t\t<div class=\"elementor-widget-container\">\n\t\t\t\t\t\t\t\t\t<p>Podeu configurar el navegador perqu\u00e8 us notifiqui quan rebeu cookies i per rebutjar-les activant l&#8217;opci\u00f3 del navegador que us permet rebutjar-les. No obstant aix\u00f2, tingueu en compte que desactivar les cookies pot limitar, o fins i tot impedir, l&#8217;acc\u00e9s a algunes de les funcionalitats del nostre lloc web, i que alguns serveis poden deixar de funcionar correctament.<\/p>\n<p>Per a m\u00e9s informaci\u00f3 sobre com configurar les galetes al vostre navegador, consulteu el men\u00fa \u00abAjuda\u00bb del navegador.<\/p>\n<p>Tamb\u00e9 us suggerim que consulteu els llocs web seg\u00fcents: <a href=\"http:\/\/www.aboutcookies.org\/\">Aboutcookies<\/a>, <a href=\"http:\/\/www.youronlinechoices.eu\/\">youronlinechoices<\/a>, <a href=\"http:\/\/www.networkadvertising.org\/index.asp\">Network Advertising Initiative<\/a> o <a href=\"http:\/\/www.aboutads.info\/consumers\">Digital Advertising Alliance<\/a> on trobareu instruccions detallades sobre com eliminar les cookies del vostre ordinador, aix\u00ed com informaci\u00f3 m\u00e9s general sobre aquestes.<\/p>\n\t\t\t\t\t\t\t\t<\/div>\n\t\t\t\t<\/div>\n\t\t\t\t<div class=\"elementor-element elementor-element-3662a51 elementor-widget elementor-widget-heading\" data-id=\"3662a51\" data-element_type=\"widget\" data-e-type=\"widget\" data-widget_type=\"heading.default\">\n\t\t\t\t<div class=\"elementor-widget-container\">\n\t\t\t\t\t<h6 class=\"elementor-heading-title elementor-size-default\">Cookies de tercers \/ empreses associades<\/h6>\t\t\t\t<\/div>\n\t\t\t\t<\/div>\n\t\t\t\t<div class=\"elementor-element elementor-element-86811e9 elementor-widget elementor-widget-text-editor\" data-id=\"86811e9\" data-element_type=\"widget\" data-e-type=\"widget\" data-widget_type=\"text-editor.default\">\n\t\t\t\t<div class=\"elementor-widget-container\">\n\t\t\t\t\t\t\t\t\t<ul>\n<li><strong>Google<\/strong>:<\/li>\n<\/ul>\n<p>&nbsp;<\/p>\n<p>Google ofereix una \u00e0mplia gamma de productes per ajudar-nos a gestionar els nostres anuncis i llocs web, incloent-hi Google Analytics. Quan visiteu el nostre lloc web, \u00e9s possible que s&#8217;envi\u00efn algunes galetes al vostre navegador.<\/p>\n<p>Aquestes galetes es poden configurar des de diversos dominis diferents, incloent-hi <a href=\"http:\/\/www.google.com\/\">www.google.com<\/a>, i <a href=\"http:\/\/www.doubleclick.net\/\">www.doubleclick.net<\/a> per permetre&#8217;ns utilitzar serveis conjunts proporcionats per Google, com ara un servei de mesurament i informaci\u00f3 d&#8217;anuncis. Obteniu m\u00e9s informaci\u00f3 sobre els\u00a0<a href=\"http:\/\/www.google.com\/policies\/technologies\/types\/\">tipus de cookies que utilitza Google<\/a>.<\/p>\n<p>Google Analytics \u00e9s l&#8217;eina d&#8217;an\u00e0lisi que ajuda el nostre lloc web a entendre com els usuaris interactuen amb el seu contingut. Pot utilitzar un conjunt de galetes per recollir informaci\u00f3 i generar informes sobre les estad\u00edstiques d&#8217;\u00fas del lloc web sense identificar personalment els visitants de Google. Obteniu m\u00e9s informaci\u00f3 sobre les<a href=\"http:\/\/developers.google.com\/analytics\/resources\/concepts\/gaConceptsCookies\"> cookies de Google Analytics<\/a>.<\/p>\n\t\t\t\t\t\t\t\t<\/div>\n\t\t\t\t<\/div>\n\t\t\t\t\t<\/div>\n\t\t\t\t<\/div>\n\t\t\t\t<\/div>\n\t\t","protected":false},"excerpt":{"rendered":"<p>Pol\u00edtica de Cookies Definici\u00f3 i finalitat de les cookies D&#8217;acord amb les disposicions de la Llei 34\/2002, de Serveis de la Societat de la Informaci\u00f3 i de Comer\u00e7 Electr\u00f2nic, l&#8217;informem que aquest lloc web emmagatzema informaci\u00f3 sobre les adreces IP dels ordinadors i utilitza galetes (cookies) per tal de proporcionar un millor servei i millorar [&hellip;]<\/p>\n","protected":false},"author":7,"featured_media":0,"parent":0,"menu_order":0,"comment_status":"closed","ping_status":"closed","template":"","meta":{"footnotes":""},"class_list":["post-48487","page","type-page","status-publish","hentry"],"_links":{"self":[{"href":"https:\/\/picartpetcare.com\/ca\/wp-json\/wp\/v2\/pages\/48487","targetHints":{"allow":["GET"]}}],"collection":[{"href":"https:\/\/picartpetcare.com\/ca\/wp-json\/wp\/v2\/pages"}],"about":[{"href":"https:\/\/picartpetcare.com\/ca\/wp-json\/wp\/v2\/types\/page"}],"author":[{"embeddable":true,"href":"https:\/\/picartpetcare.com\/ca\/wp-json\/wp\/v2\/users\/7"}],"replies":[{"embeddable":true,"href":"https:\/\/picartpetcare.com\/ca\/wp-json\/wp\/v2\/comments?post=48487"}],"version-history":[{"count":13,"href":"https:\/\/picartpetcare.com\/ca\/wp-json\/wp\/v2\/pages\/48487\/revisions"}],"predecessor-version":[{"id":48683,"href":"https:\/\/picartpetcare.com\/ca\/wp-json\/wp\/v2\/pages\/48487\/revisions\/48683"}],"wp:attachment":[{"href":"https:\/\/picartpetcare.com\/ca\/wp-json\/wp\/v2\/media?parent=48487"}],"curies":[{"name":"wp","href":"https:\/\/api.w.org\/{rel}","templated":true}]}}