{"id":48894,"date":"2026-01-30T13:03:20","date_gmt":"2026-01-30T13:03:20","guid":{"rendered":"https:\/\/picartpetcare.com\/producto\/megabone-puppy\/"},"modified":"2026-05-07T12:14:13","modified_gmt":"2026-05-07T12:14:13","slug":"megabone-puppy","status":"publish","type":"product","link":"https:\/\/picartpetcare.com\/ca\/producto\/megabone-puppy\/","title":{"rendered":"Megabone PUPPY"},"content":{"rendered":"<div class=\"beneficios-test\">\n<h2 class=\"beneficios-title\">Beneficis<\/h2>\n<div class=\"beneficios-row\">\n<div class=\"beneficio-box\">\n<h3>CREIXEMENT EQUILIBRAT<\/h3>\n<p>Amb Vitamina D que ajuda a formar uns ossos forts.<\/p>\n<\/div>\n<div class=\"beneficio-box\">\n<h3>DESENVOLUPAMENT DE LA MUSCULATURA<\/h3>\n<p>Amb un alt nivell de prote\u00efnes per a la correcta formaci\u00f3 dels m\u00fasculs<\/p>\n<\/div>\n<div class=\"beneficio-box\">\n<h3>NECESSITATS ENERG\u00c8TIQUES COBERTES<\/h3>\n<p>Proporciona l\u2019energia i els nutrients necessaris per al dia a dia d\u2019un cadell en desenvolupament<\/p>\n<\/div>\n<\/div>\n<p><!-- BLOQUE RACIONES --><\/p>\n<h2 class=\"raciones-title\">Racions di\u00e0ries recomanades<\/h2>\n<div class=\"raciones-box\"><img decoding=\"async\" src=\"https:\/\/picartpetcare.com\/wp-content\/uploads\/2026\/05\/CA-Taules-de-racions-Megabone-Puppy.png\" alt=\"Raciones\" \/><\/div>\n<\/div>\n","protected":false},"excerpt":{"rendered":"<p><strong>Megabone Puppy proporciona tots els nutrients que la seva mascota necessita en aquesta \u00e8poca de creixement tan important.<\/strong><\/p>\n<p>Est\u00e0 formulat amb m\u00e9s contingut de prote\u00efnes i greixos per ajudar-lo en el seu creixement.<\/p>\n<p>La mida de la croqueta, adaptada a la mand\u00edbula dels cadells, facilita una correcta masticaci\u00f3 i ingesta.<\/p>\n<p>La renovada gamma Megabone \u00e9s un aliment complet i equilibrat, sense conservants artificials. Cont\u00e9 els nutrients essencials perqu\u00e8 el teu gos estigui ben alimentat i en una \u00f2ptima condici\u00f3 f\u00edsica. L\u2019equilibri de la f\u00f3rmula s\u2019aconsegueix per l\u2019aportaci\u00f3 necess\u00e0ria de prote\u00efnes, greixos, vitamines i minerals que el teu pelut necessita per viure sa i feli\u00e7.<\/p>\n","protected":false},"featured_media":48893,"comment_status":"closed","ping_status":"closed","template":"","meta":[],"product_brand":[],"product_cat":[1345,1344],"product_tag":[],"class_list":{"0":"post-48894","1":"product","2":"type-product","3":"status-publish","4":"has-post-thumbnail","6":"product_cat-megabone","7":"product_cat-menjar-per-a-gossos","9":"first","10":"outofstock","11":"taxable","12":"shipping-taxable","13":"product-type-variable"},"yoast_head":"<!-- This site is optimized with the Yoast SEO plugin v27.3 - https:\/\/yoast.com\/product\/yoast-seo-wordpress\/ -->\n<title>Megabone PUPPY - Picart pet care<\/title>\n<meta name=\"robots\" content=\"index, follow, max-snippet:-1, max-image-preview:large, max-video-preview:-1\" \/>\n<link rel=\"canonical\" href=\"https:\/\/picartpetcare.com\/producto\/megabone-puppy\/\" \/>\n<meta property=\"og:locale\" content=\"ca_ES\" \/>\n<meta property=\"og:type\" content=\"article\" \/>\n<meta property=\"og:title\" content=\"Megabone PUPPY - Picart pet care\" \/>\n<meta property=\"og:description\" content=\"Megabone Puppy proporciona tots els nutrients que la seva mascota necessita en aquesta \u00e8poca de creixement tan important.  Est\u00e0 formulat amb m\u00e9s contingut de prote\u00efnes i greixos per ajudar-lo en el seu creixement.  La mida de la croqueta, adaptada a la mand\u00edbula dels cadells, facilita una correcta masticaci\u00f3 i ingesta.  La renovada gamma Megabone \u00e9s un aliment complet i equilibrat, sense conservants artificials. Cont\u00e9 els nutrients essencials perqu\u00e8 el teu gos estigui ben alimentat i en una \u00f2ptima condici\u00f3 f\u00edsica. L\u2019equilibri de la f\u00f3rmula s\u2019aconsegueix per l\u2019aportaci\u00f3 necess\u00e0ria de prote\u00efnes, greixos, vitamines i minerals que el teu pelut necessita per viure sa i feli\u00e7.\" \/>\n<meta property=\"og:url\" content=\"https:\/\/picartpetcare.com\/producto\/megabone-puppy\/\" \/>\n<meta property=\"og:site_name\" content=\"Picart pet care\" \/>\n<meta property=\"article:modified_time\" content=\"2026-05-07T12:14:13+00:00\" \/>\n<meta property=\"og:image\" content=\"https:\/\/picartpetcare.com\/wp-content\/uploads\/2024\/09\/MEGABONE-PUPPY-3KG.jpg\" \/>\n\t<meta property=\"og:image:width\" content=\"800\" \/>\n\t<meta property=\"og:image:height\" content=\"800\" \/>\n\t<meta property=\"og:image:type\" content=\"image\/jpeg\" \/>\n<meta name=\"twitter:card\" content=\"summary_large_image\" \/>\n<script type=\"application\/ld+json\" class=\"yoast-schema-graph\">{\"@context\":\"https:\\\/\\\/schema.org\",\"@graph\":[{\"@type\":\"WebPage\",\"@id\":\"https:\\\/\\\/picartpetcare.com\\\/producto\\\/megabone-puppy\\\/\",\"url\":\"https:\\\/\\\/picartpetcare.com\\\/producto\\\/megabone-puppy\\\/\",\"name\":\"Megabone PUPPY - Picart pet care\",\"isPartOf\":{\"@id\":\"https:\\\/\\\/picartpetcare.com\\\/#website\"},\"primaryImageOfPage\":{\"@id\":\"https:\\\/\\\/picartpetcare.com\\\/producto\\\/megabone-puppy\\\/#primaryimage\"},\"image\":{\"@id\":\"https:\\\/\\\/picartpetcare.com\\\/producto\\\/megabone-puppy\\\/#primaryimage\"},\"thumbnailUrl\":\"https:\\\/\\\/picartpetcare.com\\\/wp-content\\\/uploads\\\/2024\\\/09\\\/MEGABONE-PUPPY-3KG.jpg\",\"datePublished\":\"2026-01-30T13:03:20+00:00\",\"dateModified\":\"2026-05-07T12:14:13+00:00\",\"breadcrumb\":{\"@id\":\"https:\\\/\\\/picartpetcare.com\\\/producto\\\/megabone-puppy\\\/#breadcrumb\"},\"inLanguage\":\"ca\",\"potentialAction\":[{\"@type\":\"ReadAction\",\"target\":[\"https:\\\/\\\/picartpetcare.com\\\/producto\\\/megabone-puppy\\\/\"]}]},{\"@type\":\"ImageObject\",\"inLanguage\":\"ca\",\"@id\":\"https:\\\/\\\/picartpetcare.com\\\/producto\\\/megabone-puppy\\\/#primaryimage\",\"url\":\"https:\\\/\\\/picartpetcare.com\\\/wp-content\\\/uploads\\\/2024\\\/09\\\/MEGABONE-PUPPY-3KG.jpg\",\"contentUrl\":\"https:\\\/\\\/picartpetcare.com\\\/wp-content\\\/uploads\\\/2024\\\/09\\\/MEGABONE-PUPPY-3KG.jpg\",\"width\":800,\"height\":800},{\"@type\":\"BreadcrumbList\",\"@id\":\"https:\\\/\\\/picartpetcare.com\\\/producto\\\/megabone-puppy\\\/#breadcrumb\",\"itemListElement\":[{\"@type\":\"ListItem\",\"position\":1,\"name\":\"Portada\",\"item\":\"https:\\\/\\\/picartpetcare.com\\\/ca\\\/\"},{\"@type\":\"ListItem\",\"position\":2,\"name\":\"Botiga\",\"item\":\"https:\\\/\\\/picartpetcare.com\\\/tienda\\\/\"},{\"@type\":\"ListItem\",\"position\":3,\"name\":\"Megabone PUPPY\"}]},{\"@type\":\"WebSite\",\"@id\":\"https:\\\/\\\/picartpetcare.com\\\/#website\",\"url\":\"https:\\\/\\\/picartpetcare.com\\\/\",\"name\":\"Picart pet care\",\"description\":\"\",\"publisher\":{\"@id\":\"https:\\\/\\\/picartpetcare.com\\\/#organization\"},\"potentialAction\":[{\"@type\":\"SearchAction\",\"target\":{\"@type\":\"EntryPoint\",\"urlTemplate\":\"https:\\\/\\\/picartpetcare.com\\\/?s={search_term_string}\"},\"query-input\":{\"@type\":\"PropertyValueSpecification\",\"valueRequired\":true,\"valueName\":\"search_term_string\"}}],\"inLanguage\":\"ca\"},{\"@type\":\"Organization\",\"@id\":\"https:\\\/\\\/picartpetcare.com\\\/#organization\",\"name\":\"Picart pet care\",\"url\":\"https:\\\/\\\/picartpetcare.com\\\/\",\"logo\":{\"@type\":\"ImageObject\",\"inLanguage\":\"ca\",\"@id\":\"https:\\\/\\\/picartpetcare.com\\\/#\\\/schema\\\/logo\\\/image\\\/\",\"url\":\"https:\\\/\\\/picartpetcare.com\\\/wp-content\\\/uploads\\\/2024\\\/06\\\/logo-picart.png\",\"contentUrl\":\"https:\\\/\\\/picartpetcare.com\\\/wp-content\\\/uploads\\\/2024\\\/06\\\/logo-picart.png\",\"width\":1940,\"height\":708,\"caption\":\"Picart pet care\"},\"image\":{\"@id\":\"https:\\\/\\\/picartpetcare.com\\\/#\\\/schema\\\/logo\\\/image\\\/\"}}]}<\/script>\n<!-- \/ Yoast SEO plugin. -->","yoast_head_json":{"title":"Megabone PUPPY - Picart pet care","robots":{"index":"index","follow":"follow","max-snippet":"max-snippet:-1","max-image-preview":"max-image-preview:large","max-video-preview":"max-video-preview:-1"},"canonical":"https:\/\/picartpetcare.com\/producto\/megabone-puppy\/","og_locale":"ca_ES","og_type":"article","og_title":"Megabone PUPPY - Picart pet care","og_description":"Megabone Puppy proporciona tots els nutrients que la seva mascota necessita en aquesta \u00e8poca de creixement tan important.  Est\u00e0 formulat amb m\u00e9s contingut de prote\u00efnes i greixos per ajudar-lo en el seu creixement.  La mida de la croqueta, adaptada a la mand\u00edbula dels cadells, facilita una correcta masticaci\u00f3 i ingesta.  La renovada gamma Megabone \u00e9s un aliment complet i equilibrat, sense conservants artificials. Cont\u00e9 els nutrients essencials perqu\u00e8 el teu gos estigui ben alimentat i en una \u00f2ptima condici\u00f3 f\u00edsica. L\u2019equilibri de la f\u00f3rmula s\u2019aconsegueix per l\u2019aportaci\u00f3 necess\u00e0ria de prote\u00efnes, greixos, vitamines i minerals que el teu pelut necessita per viure sa i feli\u00e7.","og_url":"https:\/\/picartpetcare.com\/producto\/megabone-puppy\/","og_site_name":"Picart pet care","article_modified_time":"2026-05-07T12:14:13+00:00","og_image":[{"width":800,"height":800,"url":"https:\/\/picartpetcare.com\/wp-content\/uploads\/2024\/09\/MEGABONE-PUPPY-3KG.jpg","type":"image\/jpeg"}],"twitter_card":"summary_large_image","schema":{"@context":"https:\/\/schema.org","@graph":[{"@type":"WebPage","@id":"https:\/\/picartpetcare.com\/producto\/megabone-puppy\/","url":"https:\/\/picartpetcare.com\/producto\/megabone-puppy\/","name":"Megabone PUPPY - Picart pet care","isPartOf":{"@id":"https:\/\/picartpetcare.com\/#website"},"primaryImageOfPage":{"@id":"https:\/\/picartpetcare.com\/producto\/megabone-puppy\/#primaryimage"},"image":{"@id":"https:\/\/picartpetcare.com\/producto\/megabone-puppy\/#primaryimage"},"thumbnailUrl":"https:\/\/picartpetcare.com\/wp-content\/uploads\/2024\/09\/MEGABONE-PUPPY-3KG.jpg","datePublished":"2026-01-30T13:03:20+00:00","dateModified":"2026-05-07T12:14:13+00:00","breadcrumb":{"@id":"https:\/\/picartpetcare.com\/producto\/megabone-puppy\/#breadcrumb"},"inLanguage":"ca","potentialAction":[{"@type":"ReadAction","target":["https:\/\/picartpetcare.com\/producto\/megabone-puppy\/"]}]},{"@type":"ImageObject","inLanguage":"ca","@id":"https:\/\/picartpetcare.com\/producto\/megabone-puppy\/#primaryimage","url":"https:\/\/picartpetcare.com\/wp-content\/uploads\/2024\/09\/MEGABONE-PUPPY-3KG.jpg","contentUrl":"https:\/\/picartpetcare.com\/wp-content\/uploads\/2024\/09\/MEGABONE-PUPPY-3KG.jpg","width":800,"height":800},{"@type":"BreadcrumbList","@id":"https:\/\/picartpetcare.com\/producto\/megabone-puppy\/#breadcrumb","itemListElement":[{"@type":"ListItem","position":1,"name":"Portada","item":"https:\/\/picartpetcare.com\/ca\/"},{"@type":"ListItem","position":2,"name":"Botiga","item":"https:\/\/picartpetcare.com\/tienda\/"},{"@type":"ListItem","position":3,"name":"Megabone PUPPY"}]},{"@type":"WebSite","@id":"https:\/\/picartpetcare.com\/#website","url":"https:\/\/picartpetcare.com\/","name":"Picart pet care","description":"","publisher":{"@id":"https:\/\/picartpetcare.com\/#organization"},"potentialAction":[{"@type":"SearchAction","target":{"@type":"EntryPoint","urlTemplate":"https:\/\/picartpetcare.com\/?s={search_term_string}"},"query-input":{"@type":"PropertyValueSpecification","valueRequired":true,"valueName":"search_term_string"}}],"inLanguage":"ca"},{"@type":"Organization","@id":"https:\/\/picartpetcare.com\/#organization","name":"Picart pet care","url":"https:\/\/picartpetcare.com\/","logo":{"@type":"ImageObject","inLanguage":"ca","@id":"https:\/\/picartpetcare.com\/#\/schema\/logo\/image\/","url":"https:\/\/picartpetcare.com\/wp-content\/uploads\/2024\/06\/logo-picart.png","contentUrl":"https:\/\/picartpetcare.com\/wp-content\/uploads\/2024\/06\/logo-picart.png","width":1940,"height":708,"caption":"Picart pet care"},"image":{"@id":"https:\/\/picartpetcare.com\/#\/schema\/logo\/image\/"}}]}},"_links":{"self":[{"href":"https:\/\/picartpetcare.com\/ca\/wp-json\/wp\/v2\/product\/48894","targetHints":{"allow":["GET"]}}],"collection":[{"href":"https:\/\/picartpetcare.com\/ca\/wp-json\/wp\/v2\/product"}],"about":[{"href":"https:\/\/picartpetcare.com\/ca\/wp-json\/wp\/v2\/types\/product"}],"replies":[{"embeddable":true,"href":"https:\/\/picartpetcare.com\/ca\/wp-json\/wp\/v2\/comments?post=48894"}],"version-history":[{"count":3,"href":"https:\/\/picartpetcare.com\/ca\/wp-json\/wp\/v2\/product\/48894\/revisions"}],"predecessor-version":[{"id":48906,"href":"https:\/\/picartpetcare.com\/ca\/wp-json\/wp\/v2\/product\/48894\/revisions\/48906"}],"wp:featuredmedia":[{"embeddable":true,"href":"https:\/\/picartpetcare.com\/ca\/wp-json\/wp\/v2\/media\/48893"}],"wp:attachment":[{"href":"https:\/\/picartpetcare.com\/ca\/wp-json\/wp\/v2\/media?parent=48894"}],"wp:term":[{"taxonomy":"product_brand","embeddable":true,"href":"https:\/\/picartpetcare.com\/ca\/wp-json\/wp\/v2\/product_brand?post=48894"},{"taxonomy":"product_cat","embeddable":true,"href":"https:\/\/picartpetcare.com\/ca\/wp-json\/wp\/v2\/product_cat?post=48894"},{"taxonomy":"product_tag","embeddable":true,"href":"https:\/\/picartpetcare.com\/ca\/wp-json\/wp\/v2\/product_tag?post=48894"}],"curies":[{"name":"wp","href":"https:\/\/api.w.org\/{rel}","templated":true}]}}