{"id":47849,"date":"2026-03-23T10:12:10","date_gmt":"2026-03-23T10:12:10","guid":{"rendered":"https:\/\/picartpetcare.com\/customer-login\/"},"modified":"2026-04-15T11:46:32","modified_gmt":"2026-04-15T11:46:32","slug":"customer-login","status":"publish","type":"page","link":"https:\/\/picartpetcare.com\/en\/customer-login\/","title":{"rendered":"Customer login"},"content":{"rendered":"\t\t<div data-elementor-type=\"wp-page\" data-elementor-id=\"47849\" class=\"elementor elementor-47849 elementor-47259\" data-elementor-post-type=\"page\">\n\t\t\t\t<div class=\"elementor-element elementor-element-e7e168a e-con-full e-flex e-con e-parent\" data-id=\"e7e168a\" data-element_type=\"container\" data-e-type=\"container\" data-settings=\"{&quot;background_background&quot;:&quot;classic&quot;,&quot;shape_divider_bottom&quot;:&quot;waves&quot;}\">\n\t\t\t\t<div class=\"elementor-shape elementor-shape-bottom\" aria-hidden=\"true\" data-negative=\"false\">\n\t\t\t<svg xmlns=\"http:\/\/www.w3.org\/2000\/svg\" viewBox=\"0 0 1000 100\" preserveAspectRatio=\"none\">\n\t<path class=\"elementor-shape-fill\" d=\"M421.9,6.5c22.6-2.5,51.5,0.4,75.5,5.3c23.6,4.9,70.9,23.5,100.5,35.7c75.8,32.2,133.7,44.5,192.6,49.7\n\tc23.6,2.1,48.7,3.5,103.4-2.5c54.7-6,106.2-25.6,106.2-25.6V0H0v30.3c0,0,72,32.6,158.4,30.5c39.2-0.7,92.8-6.7,134-22.4\n\tc21.2-8.1,52.2-18.2,79.7-24.2C399.3,7.9,411.6,7.5,421.9,6.5z\"\/>\n<\/svg>\t\t<\/div>\n\t\t<div class=\"elementor-element elementor-element-854f381 e-con-full e-flex e-con e-child\" data-id=\"854f381\" data-element_type=\"container\" data-e-type=\"container\">\n\t\t\t\t<div class=\"elementor-element elementor-element-067466d animated-slow elementor-invisible elementor-widget elementor-widget-heading\" data-id=\"067466d\" data-element_type=\"widget\" data-e-type=\"widget\" data-settings=\"{&quot;_animation&quot;:&quot;fadeIn&quot;}\" data-widget_type=\"heading.default\">\n\t\t\t\t<div class=\"elementor-widget-container\">\n\t\t\t\t\t<h2 class=\"elementor-heading-title elementor-size-default\">Dealer area<\/h2>\t\t\t\t<\/div>\n\t\t\t\t<\/div>\n\t\t\t\t<\/div>\n\t\t\t\t<\/div>\n\t\t<div class=\"elementor-element elementor-element-13247ad e-flex e-con-boxed e-con e-parent\" data-id=\"13247ad\" data-element_type=\"container\" data-e-type=\"container\">\n\t\t\t\t\t<div class=\"e-con-inner\">\n\t\t\t\t<div class=\"elementor-element elementor-element-6807b26 elementor-widget elementor-widget-text-editor\" data-id=\"6807b26\" data-element_type=\"widget\" data-e-type=\"widget\" data-widget_type=\"text-editor.default\">\n\t\t\t\t<div class=\"elementor-widget-container\">\n\t\t\t\t\t\t\t\t\t<p><strong>Esta secci\u00f3n estar\u00e1 temporalmente inaccesible y volver\u00e1 a estar disponible en breve.<\/strong><br \/><strong>Gracias por tu paciencia.<\/strong><\/p>\n<p><i><span lang=\"EN-US\">The page will be temporarily unavailable and will be back online shortly.<br \/>Thank you for your patience<\/span><\/i><\/p>\n\t\t\t\t\t\t\t\t<\/div>\n\t\t\t\t<\/div>\n\t\t\t\t<div class=\"elementor-element elementor-element-cec30ab elementor-widget elementor-widget-image\" data-id=\"cec30ab\" data-element_type=\"widget\" data-e-type=\"widget\" data-widget_type=\"image.default\">\n\t\t\t\t<div class=\"elementor-widget-container\">\n\t\t\t\t\t\t\t\t\t\t\t\t\t\t\t<img fetchpriority=\"high\" decoding=\"async\" width=\"800\" height=\"270\" src=\"https:\/\/picartpetcare.com\/wp-content\/uploads\/2026\/03\/chubby-domestic-cat-leaning-brown-puppy-lying-white-surface-1024x345.jpg\" class=\"attachment-large size-large wp-image-47261\" alt=\"\" srcset=\"https:\/\/picartpetcare.com\/wp-content\/uploads\/2026\/03\/chubby-domestic-cat-leaning-brown-puppy-lying-white-surface-1024x345.jpg 1024w, https:\/\/picartpetcare.com\/wp-content\/uploads\/2026\/03\/chubby-domestic-cat-leaning-brown-puppy-lying-white-surface-300x101.jpg 300w, https:\/\/picartpetcare.com\/wp-content\/uploads\/2026\/03\/chubby-domestic-cat-leaning-brown-puppy-lying-white-surface-768x258.jpg 768w, https:\/\/picartpetcare.com\/wp-content\/uploads\/2026\/03\/chubby-domestic-cat-leaning-brown-puppy-lying-white-surface-1536x517.jpg 1536w, https:\/\/picartpetcare.com\/wp-content\/uploads\/2026\/03\/chubby-domestic-cat-leaning-brown-puppy-lying-white-surface-600x202.jpg 600w, https:\/\/picartpetcare.com\/wp-content\/uploads\/2026\/03\/chubby-domestic-cat-leaning-brown-puppy-lying-white-surface-64x22.jpg 64w, https:\/\/picartpetcare.com\/wp-content\/uploads\/2026\/03\/chubby-domestic-cat-leaning-brown-puppy-lying-white-surface.jpg 2000w\" sizes=\"(max-width: 800px) 100vw, 800px\" \/>\t\t\t\t\t\t\t\t\t\t\t\t\t\t\t<\/div>\n\t\t\t\t<\/div>\n\t\t\t\t\t<\/div>\n\t\t\t\t<\/div>\n\t\t\t\t<\/div>\n\t\t","protected":false},"excerpt":{"rendered":"<p>Dealer area Esta secci\u00f3n estar\u00e1 temporalmente inaccesible y volver\u00e1 a estar disponible en breve.Gracias por tu paciencia. The page will be temporarily unavailable and will be back online shortly.Thank you for your patience<\/p>\n","protected":false},"author":1,"featured_media":0,"parent":0,"menu_order":0,"comment_status":"closed","ping_status":"closed","template":"","meta":{"footnotes":""},"class_list":["post-47849","page","type-page","status-publish","hentry"],"_links":{"self":[{"href":"https:\/\/picartpetcare.com\/en\/wp-json\/wp\/v2\/pages\/47849","targetHints":{"allow":["GET"]}}],"collection":[{"href":"https:\/\/picartpetcare.com\/en\/wp-json\/wp\/v2\/pages"}],"about":[{"href":"https:\/\/picartpetcare.com\/en\/wp-json\/wp\/v2\/types\/page"}],"author":[{"embeddable":true,"href":"https:\/\/picartpetcare.com\/en\/wp-json\/wp\/v2\/users\/1"}],"replies":[{"embeddable":true,"href":"https:\/\/picartpetcare.com\/en\/wp-json\/wp\/v2\/comments?post=47849"}],"version-history":[{"count":3,"href":"https:\/\/picartpetcare.com\/en\/wp-json\/wp\/v2\/pages\/47849\/revisions"}],"predecessor-version":[{"id":47852,"href":"https:\/\/picartpetcare.com\/en\/wp-json\/wp\/v2\/pages\/47849\/revisions\/47852"}],"wp:attachment":[{"href":"https:\/\/picartpetcare.com\/en\/wp-json\/wp\/v2\/media?parent=47849"}],"curies":[{"name":"wp","href":"https:\/\/api.w.org\/{rel}","templated":true}]}}